{"id":544,"date":"2025-12-23T09:21:48","date_gmt":"2025-12-23T09:21:48","guid":{"rendered":"https:\/\/k-triumf.ms3.decms.eu\/tipy-k-lokalite-a-vyletum\/"},"modified":"2026-03-30T13:38:28","modified_gmt":"2026-03-30T13:38:28","slug":"propozycje-wycieczek","status":"publish","type":"page","link":"https:\/\/www.k-triumf.cz\/pl\/propozycje-wycieczek\/","title":{"rendered":"Propozycje wycieczek"},"content":{"rendered":"<p style=\"text-align: center\"><span style=\"font-weight: 400\">Resort K-Triumf znajduje si\u0119 w Velichovkach, w spokojnej okolicy otoczonej przyrod\u0105, w pobli\u017cu Hradca Kr\u00e1lov\u00e9. Lokalizacja zapewnia idealne po\u0142\u0105czenie prywatno\u015bci, przestrzeni oraz \u0142atwej dost\u0119pno\u015bci \u2013niezale\u017cnie od tego, czy odwiedzasz to miejsce w celu relaksu, rodzinnych wakacji, czy spotkania biznesowego.<\/span><\/p>\n<p style=\"text-align: center\"><span style=\"font-weight: 400\">W bezpo\u015brednim s\u0105siedztwie znajduje si\u0119 staw oraz zagroda z dzik\u0105 zwierzyn\u0105, kt\u00f3re nadaj\u0105 ca\u0142emu kompleksu wyj\u0105tkowy charakter. Jednocze\u015bnie jest resort \u015bwietnym punktem wyj\u015bciowym do wycieczek \u2013 w pobli\u017cu znajduj\u0105 si\u0119 m.in. Kuks, ZOO Dv\u016fr Kr\u00e1lov\u00e9, twierdza Josefov oraz malownicza Dolina Babci.<\/span><\/p>\n<p style=\"text-align: center\"><span style=\"font-weight: 400\">Dojazd jest \u0142atwy z wi\u0119kszych miast, takich jak Hradec Kr\u00e1lov\u00e9, N\u00e1chod czy Praga (autostrada D11). Parking dla go\u015bci jest bezp\u0142atny i znajduje si\u0119 bezpo\u015brednio przy hotelu.<\/span><\/p>\n","protected":false},"excerpt":{"rendered":"<p>Resort K-Triumf znajduje si\u0119 w Velichovkach, w spokojnej okolicy otoczonej przyrod\u0105, w pobli\u017cu Hradca Kr\u00e1lov\u00e9. Lokalizacja zapewnia idealne po\u0142\u0105czenie prywatno\u015bci, przestrzeni oraz \u0142atwej dost\u0119pno\u015bci \u2013niezale\u017cnie od tego, czy odwiedzasz to miejsce w celu relaksu, rodzinnych wakacji, czy spotkania biznesowego. W bezpo\u015brednim s\u0105siedztwie znajduje si\u0119 staw oraz zagroda z dzik\u0105 zwierzyn\u0105, kt\u00f3re nadaj\u0105 ca\u0142emu kompleksu wyj\u0105tkowy [&hellip;]<\/p>\n","protected":false},"author":13,"featured_media":0,"parent":0,"menu_order":0,"comment_status":"closed","ping_status":"closed","template":"template-location.php","meta":{"footnotes":""},"class_list":["post-544","page","type-page","status-publish","hentry"],"yoast_head":"<!-- This site is optimized with the Yoast SEO plugin v26.9 - https:\/\/yoast.com\/product\/yoast-seo-wordpress\/ -->\n<title>Propozycje wycieczek - K-Triumf Hotel<\/title>\n<meta name=\"description\" content=\"Resort K-Triumf znajduje si\u0119 w Velichovkach, w spokojnej okolicy otoczonej przyrod\u0105, w pobli\u017cu Hradca Kr\u00e1lov\u00e9. Lokalizacja zapewnia idealne po\u0142\u0105czenie prywatno\u015bci, przestrzeni oraz \u0142atwej dost\u0119pno\u015bci \u2013niezale\u017cnie od tego, czy odwiedzasz to miejsce w celu relaksu, rodzinnych wakacji, czy spotkania biznesowego. W bezpo\u015brednim s\u0105siedztwie znajduje si\u0119 staw oraz zagroda z dzik\u0105 zwierzyn\u0105, kt\u00f3re nadaj\u0105 ca\u0142emu kompleksu wyj\u0105tkowy charakter\" \/>\n<meta name=\"robots\" content=\"index, follow, max-snippet:-1, max-image-preview:large, max-video-preview:-1\" \/>\n<link rel=\"canonical\" href=\"https:\/\/www.k-triumf.cz\/pl\/propozycje-wycieczek\/\" \/>\n<meta property=\"og:locale\" content=\"pl_PL\" \/>\n<meta property=\"og:type\" content=\"article\" \/>\n<meta property=\"og:title\" content=\"Propozycje wycieczek - K-Triumf Hotel\" \/>\n<meta property=\"og:description\" content=\"Resort K-Triumf znajduje si\u0119 w Velichovkach, w spokojnej okolicy otoczonej przyrod\u0105, w pobli\u017cu Hradca Kr\u00e1lov\u00e9. Lokalizacja zapewnia idealne po\u0142\u0105czenie prywatno\u015bci, przestrzeni oraz \u0142atwej dost\u0119pno\u015bci \u2013niezale\u017cnie od tego, czy odwiedzasz to miejsce w celu relaksu, rodzinnych wakacji, czy spotkania biznesowego. W bezpo\u015brednim s\u0105siedztwie znajduje si\u0119 staw oraz zagroda z dzik\u0105 zwierzyn\u0105, kt\u00f3re nadaj\u0105 ca\u0142emu kompleksu wyj\u0105tkowy charakter\" \/>\n<meta property=\"og:url\" content=\"https:\/\/www.k-triumf.cz\/pl\/propozycje-wycieczek\/\" \/>\n<meta property=\"og:site_name\" content=\"K-Triumf Hotel\" \/>\n<meta property=\"article:modified_time\" content=\"2026-03-30T13:38:28+00:00\" \/>\n<meta name=\"twitter:card\" content=\"summary_large_image\" \/>\n<meta name=\"twitter:label1\" content=\"Est. reading time\" \/>\n\t<meta name=\"twitter:data1\" content=\"1 minuta\" \/>\n<script type=\"application\/ld+json\" class=\"yoast-schema-graph\">{\"@context\":\"https:\/\/schema.org\",\"@graph\":[{\"@type\":\"WebPage\",\"@id\":\"https:\/\/www.k-triumf.cz\/pl\/propozycje-wycieczek\/\",\"url\":\"https:\/\/www.k-triumf.cz\/pl\/propozycje-wycieczek\/\",\"name\":\"Propozycje wycieczek - K-Triumf Hotel\",\"isPartOf\":{\"@id\":\"https:\/\/www.k-triumf.cz\/pl\/#website\"},\"datePublished\":\"2025-12-23T09:21:48+00:00\",\"dateModified\":\"2026-03-30T13:38:28+00:00\",\"description\":\"Resort K-Triumf znajduje si\u0119 w Velichovkach, w spokojnej okolicy otoczonej przyrod\u0105, w pobli\u017cu Hradca Kr\u00e1lov\u00e9. Lokalizacja zapewnia idealne po\u0142\u0105czenie prywatno\u015bci, przestrzeni oraz \u0142atwej dost\u0119pno\u015bci \u2013niezale\u017cnie od tego, czy odwiedzasz to miejsce w celu relaksu, rodzinnych wakacji, czy spotkania biznesowego. W bezpo\u015brednim s\u0105siedztwie znajduje si\u0119 staw oraz zagroda z dzik\u0105 zwierzyn\u0105, kt\u00f3re nadaj\u0105 ca\u0142emu kompleksu wyj\u0105tkowy charakter\",\"breadcrumb\":{\"@id\":\"https:\/\/www.k-triumf.cz\/pl\/propozycje-wycieczek\/#breadcrumb\"},\"inLanguage\":\"pl-PL\",\"potentialAction\":[{\"@type\":\"ReadAction\",\"target\":[\"https:\/\/www.k-triumf.cz\/pl\/propozycje-wycieczek\/\"]}]},{\"@type\":\"BreadcrumbList\",\"@id\":\"https:\/\/www.k-triumf.cz\/pl\/propozycje-wycieczek\/#breadcrumb\",\"itemListElement\":[{\"@type\":\"ListItem\",\"position\":1,\"name\":\"Strona g\u0142\u00f3wna\",\"item\":\"https:\/\/www.k-triumf.cz\/pl\/\"},{\"@type\":\"ListItem\",\"position\":2,\"name\":\"Propozycje wycieczek\"}]},{\"@type\":\"WebSite\",\"@id\":\"https:\/\/www.k-triumf.cz\/pl\/#website\",\"url\":\"https:\/\/www.k-triumf.cz\/pl\/\",\"name\":\"K-Triumf Hotel\",\"description\":\"\",\"potentialAction\":[{\"@type\":\"SearchAction\",\"target\":{\"@type\":\"EntryPoint\",\"urlTemplate\":\"https:\/\/www.k-triumf.cz\/pl\/?s={search_term_string}\"},\"query-input\":{\"@type\":\"PropertyValueSpecification\",\"valueRequired\":true,\"valueName\":\"search_term_string\"}}],\"inLanguage\":\"pl-PL\"}]}<\/script>\n<!-- \/ Yoast SEO plugin. -->","yoast_head_json":{"title":"Propozycje wycieczek - K-Triumf Hotel","description":"Resort K-Triumf znajduje si\u0119 w Velichovkach, w spokojnej okolicy otoczonej przyrod\u0105, w pobli\u017cu Hradca Kr\u00e1lov\u00e9. Lokalizacja zapewnia idealne po\u0142\u0105czenie prywatno\u015bci, przestrzeni oraz \u0142atwej dost\u0119pno\u015bci \u2013niezale\u017cnie od tego, czy odwiedzasz to miejsce w celu relaksu, rodzinnych wakacji, czy spotkania biznesowego. W bezpo\u015brednim s\u0105siedztwie znajduje si\u0119 staw oraz zagroda z dzik\u0105 zwierzyn\u0105, kt\u00f3re nadaj\u0105 ca\u0142emu kompleksu wyj\u0105tkowy charakter","robots":{"index":"index","follow":"follow","max-snippet":"max-snippet:-1","max-image-preview":"max-image-preview:large","max-video-preview":"max-video-preview:-1"},"canonical":"https:\/\/www.k-triumf.cz\/pl\/propozycje-wycieczek\/","og_locale":"pl_PL","og_type":"article","og_title":"Propozycje wycieczek - K-Triumf Hotel","og_description":"Resort K-Triumf znajduje si\u0119 w Velichovkach, w spokojnej okolicy otoczonej przyrod\u0105, w pobli\u017cu Hradca Kr\u00e1lov\u00e9. Lokalizacja zapewnia idealne po\u0142\u0105czenie prywatno\u015bci, przestrzeni oraz \u0142atwej dost\u0119pno\u015bci \u2013niezale\u017cnie od tego, czy odwiedzasz to miejsce w celu relaksu, rodzinnych wakacji, czy spotkania biznesowego. W bezpo\u015brednim s\u0105siedztwie znajduje si\u0119 staw oraz zagroda z dzik\u0105 zwierzyn\u0105, kt\u00f3re nadaj\u0105 ca\u0142emu kompleksu wyj\u0105tkowy charakter","og_url":"https:\/\/www.k-triumf.cz\/pl\/propozycje-wycieczek\/","og_site_name":"K-Triumf Hotel","article_modified_time":"2026-03-30T13:38:28+00:00","twitter_card":"summary_large_image","twitter_misc":{"Est. reading time":"1 minuta"},"schema":{"@context":"https:\/\/schema.org","@graph":[{"@type":"WebPage","@id":"https:\/\/www.k-triumf.cz\/pl\/propozycje-wycieczek\/","url":"https:\/\/www.k-triumf.cz\/pl\/propozycje-wycieczek\/","name":"Propozycje wycieczek - K-Triumf Hotel","isPartOf":{"@id":"https:\/\/www.k-triumf.cz\/pl\/#website"},"datePublished":"2025-12-23T09:21:48+00:00","dateModified":"2026-03-30T13:38:28+00:00","description":"Resort K-Triumf znajduje si\u0119 w Velichovkach, w spokojnej okolicy otoczonej przyrod\u0105, w pobli\u017cu Hradca Kr\u00e1lov\u00e9. Lokalizacja zapewnia idealne po\u0142\u0105czenie prywatno\u015bci, przestrzeni oraz \u0142atwej dost\u0119pno\u015bci \u2013niezale\u017cnie od tego, czy odwiedzasz to miejsce w celu relaksu, rodzinnych wakacji, czy spotkania biznesowego. W bezpo\u015brednim s\u0105siedztwie znajduje si\u0119 staw oraz zagroda z dzik\u0105 zwierzyn\u0105, kt\u00f3re nadaj\u0105 ca\u0142emu kompleksu wyj\u0105tkowy charakter","breadcrumb":{"@id":"https:\/\/www.k-triumf.cz\/pl\/propozycje-wycieczek\/#breadcrumb"},"inLanguage":"pl-PL","potentialAction":[{"@type":"ReadAction","target":["https:\/\/www.k-triumf.cz\/pl\/propozycje-wycieczek\/"]}]},{"@type":"BreadcrumbList","@id":"https:\/\/www.k-triumf.cz\/pl\/propozycje-wycieczek\/#breadcrumb","itemListElement":[{"@type":"ListItem","position":1,"name":"Strona g\u0142\u00f3wna","item":"https:\/\/www.k-triumf.cz\/pl\/"},{"@type":"ListItem","position":2,"name":"Propozycje wycieczek"}]},{"@type":"WebSite","@id":"https:\/\/www.k-triumf.cz\/pl\/#website","url":"https:\/\/www.k-triumf.cz\/pl\/","name":"K-Triumf Hotel","description":"","potentialAction":[{"@type":"SearchAction","target":{"@type":"EntryPoint","urlTemplate":"https:\/\/www.k-triumf.cz\/pl\/?s={search_term_string}"},"query-input":{"@type":"PropertyValueSpecification","valueRequired":true,"valueName":"search_term_string"}}],"inLanguage":"pl-PL"}]}},"acf":[],"_links":{"self":[{"href":"https:\/\/www.k-triumf.cz\/pl\/wp-json\/wp\/v2\/pages\/544","targetHints":{"allow":["GET"]}}],"collection":[{"href":"https:\/\/www.k-triumf.cz\/pl\/wp-json\/wp\/v2\/pages"}],"about":[{"href":"https:\/\/www.k-triumf.cz\/pl\/wp-json\/wp\/v2\/types\/page"}],"author":[{"embeddable":true,"href":"https:\/\/www.k-triumf.cz\/pl\/wp-json\/wp\/v2\/users\/13"}],"replies":[{"embeddable":true,"href":"https:\/\/www.k-triumf.cz\/pl\/wp-json\/wp\/v2\/comments?post=544"}],"version-history":[{"count":0,"href":"https:\/\/www.k-triumf.cz\/pl\/wp-json\/wp\/v2\/pages\/544\/revisions"}],"wp:attachment":[{"href":"https:\/\/www.k-triumf.cz\/pl\/wp-json\/wp\/v2\/media?parent=544"}],"curies":[{"name":"wp","href":"https:\/\/api.w.org\/{rel}","templated":true}]}}