{"id":534,"date":"2025-12-22T15:14:47","date_gmt":"2025-12-22T15:14:47","guid":{"rendered":"https:\/\/k-triumf.ms3.decms.eu\/prostory-pro-firemni-akce-a-konference\/lovecky-salonek\/"},"modified":"2026-03-12T14:26:08","modified_gmt":"2026-03-12T14:26:08","slug":"salonik-mysliwski","status":"publish","type":"page","link":"https:\/\/www.k-triumf.cz\/pl\/wydarzenia-firmowe-i-konferencje\/salonik-mysliwski\/","title":{"rendered":"Salonik My\u015bliwski"},"content":{"rendered":"<p style=\"text-align: center;\">Przytulne wn\u0119trze z kominkiem i wyj\u0105tkowym wystrojem tworzy idealne warunki do mniejszych narad, spotka\u0144 biznesowych oraz nieformalnych rozm\u00f3w w przyjemnej atmosferze. W cenie zawarte jest wyposa\u017cenie techniczne \u2013 projektor multimedialny, flipchart oraz szybkie Wi-Fi. Cena dotyczy jednego dnia i obejmuje pe\u0142ne wyposa\u017cenie.<\/p>\n","protected":false},"excerpt":{"rendered":"<p>Przytulne wn\u0119trze z kominkiem i wyj\u0105tkowym wystrojem tworzy idealne warunki do mniejszych narad, spotka\u0144 biznesowych oraz nieformalnych rozm\u00f3w w przyjemnej atmosferze. W cenie zawarte jest wyposa\u017cenie techniczne \u2013 projektor multimedialny, flipchart oraz szybkie Wi-Fi. Cena dotyczy jednego dnia i obejmuje pe\u0142ne wyposa\u017cenie.<\/p>\n","protected":false},"author":13,"featured_media":0,"parent":526,"menu_order":0,"comment_status":"closed","ping_status":"closed","template":"template-meeting.php","meta":{"footnotes":""},"class_list":["post-534","page","type-page","status-publish","hentry"],"yoast_head":"<!-- This site is optimized with the Yoast SEO plugin v26.9 - https:\/\/yoast.com\/product\/yoast-seo-wordpress\/ -->\n<title>Salonik My\u015bliwski - K-Triumf Hotel<\/title>\n<meta name=\"description\" content=\"Przytulne wn\u0119trze z kominkiem i wyj\u0105tkowym wystrojem tworzy idealne warunki do mniejszych narad, spotka\u0144 biznesowych oraz nieformalnych rozm\u00f3w w przyjemnej atmosferze. W cenie zawarte jest wyposa\u017cenie techniczne \u2013 projektor multimedialny, flipchart oraz szybkie Wi-Fi\" \/>\n<meta name=\"robots\" content=\"index, follow, max-snippet:-1, max-image-preview:large, max-video-preview:-1\" \/>\n<link rel=\"canonical\" href=\"https:\/\/www.k-triumf.cz\/pl\/wydarzenia-firmowe-i-konferencje\/salonik-mysliwski\/\" \/>\n<meta property=\"og:locale\" content=\"pl_PL\" \/>\n<meta property=\"og:type\" content=\"article\" \/>\n<meta property=\"og:title\" content=\"Salonik My\u015bliwski - K-Triumf Hotel\" \/>\n<meta property=\"og:description\" content=\"Przytulne wn\u0119trze z kominkiem i wyj\u0105tkowym wystrojem tworzy idealne warunki do mniejszych narad, spotka\u0144 biznesowych oraz nieformalnych rozm\u00f3w w przyjemnej atmosferze. W cenie zawarte jest wyposa\u017cenie techniczne \u2013 projektor multimedialny, flipchart oraz szybkie Wi-Fi\" \/>\n<meta property=\"og:url\" content=\"https:\/\/www.k-triumf.cz\/pl\/wydarzenia-firmowe-i-konferencje\/salonik-mysliwski\/\" \/>\n<meta property=\"og:site_name\" content=\"K-Triumf Hotel\" \/>\n<meta property=\"article:modified_time\" content=\"2026-03-12T14:26:08+00:00\" \/>\n<meta name=\"twitter:card\" content=\"summary_large_image\" \/>\n<meta name=\"twitter:label1\" content=\"Est. reading time\" \/>\n\t<meta name=\"twitter:data1\" content=\"1 minuta\" \/>\n<script type=\"application\/ld+json\" class=\"yoast-schema-graph\">{\"@context\":\"https:\/\/schema.org\",\"@graph\":[{\"@type\":\"WebPage\",\"@id\":\"https:\/\/www.k-triumf.cz\/pl\/wydarzenia-firmowe-i-konferencje\/salonik-mysliwski\/\",\"url\":\"https:\/\/www.k-triumf.cz\/pl\/wydarzenia-firmowe-i-konferencje\/salonik-mysliwski\/\",\"name\":\"Salonik My\u015bliwski - K-Triumf Hotel\",\"isPartOf\":{\"@id\":\"https:\/\/www.k-triumf.cz\/pl\/#website\"},\"datePublished\":\"2025-12-22T15:14:47+00:00\",\"dateModified\":\"2026-03-12T14:26:08+00:00\",\"description\":\"Przytulne wn\u0119trze z kominkiem i wyj\u0105tkowym wystrojem tworzy idealne warunki do mniejszych narad, spotka\u0144 biznesowych oraz nieformalnych rozm\u00f3w w przyjemnej atmosferze. W cenie zawarte jest wyposa\u017cenie techniczne \u2013 projektor multimedialny, flipchart oraz szybkie Wi-Fi\",\"breadcrumb\":{\"@id\":\"https:\/\/www.k-triumf.cz\/pl\/wydarzenia-firmowe-i-konferencje\/salonik-mysliwski\/#breadcrumb\"},\"inLanguage\":\"pl-PL\",\"potentialAction\":[{\"@type\":\"ReadAction\",\"target\":[\"https:\/\/www.k-triumf.cz\/pl\/wydarzenia-firmowe-i-konferencje\/salonik-mysliwski\/\"]}]},{\"@type\":\"BreadcrumbList\",\"@id\":\"https:\/\/www.k-triumf.cz\/pl\/wydarzenia-firmowe-i-konferencje\/salonik-mysliwski\/#breadcrumb\",\"itemListElement\":[{\"@type\":\"ListItem\",\"position\":1,\"name\":\"Strona g\u0142\u00f3wna\",\"item\":\"https:\/\/www.k-triumf.cz\/pl\/\"},{\"@type\":\"ListItem\",\"position\":2,\"name\":\"Wydarzenia firmowe i konferencje\",\"item\":\"https:\/\/www.k-triumf.cz\/pl\/prostory-pro-firemni-akce-a-konference\/\"},{\"@type\":\"ListItem\",\"position\":3,\"name\":\"Salonik My\u015bliwski\"}]},{\"@type\":\"WebSite\",\"@id\":\"https:\/\/www.k-triumf.cz\/pl\/#website\",\"url\":\"https:\/\/www.k-triumf.cz\/pl\/\",\"name\":\"K-Triumf Hotel\",\"description\":\"\",\"potentialAction\":[{\"@type\":\"SearchAction\",\"target\":{\"@type\":\"EntryPoint\",\"urlTemplate\":\"https:\/\/www.k-triumf.cz\/pl\/?s={search_term_string}\"},\"query-input\":{\"@type\":\"PropertyValueSpecification\",\"valueRequired\":true,\"valueName\":\"search_term_string\"}}],\"inLanguage\":\"pl-PL\"}]}<\/script>\n<!-- \/ Yoast SEO plugin. -->","yoast_head_json":{"title":"Salonik My\u015bliwski - K-Triumf Hotel","description":"Przytulne wn\u0119trze z kominkiem i wyj\u0105tkowym wystrojem tworzy idealne warunki do mniejszych narad, spotka\u0144 biznesowych oraz nieformalnych rozm\u00f3w w przyjemnej atmosferze. W cenie zawarte jest wyposa\u017cenie techniczne \u2013 projektor multimedialny, flipchart oraz szybkie Wi-Fi","robots":{"index":"index","follow":"follow","max-snippet":"max-snippet:-1","max-image-preview":"max-image-preview:large","max-video-preview":"max-video-preview:-1"},"canonical":"https:\/\/www.k-triumf.cz\/pl\/wydarzenia-firmowe-i-konferencje\/salonik-mysliwski\/","og_locale":"pl_PL","og_type":"article","og_title":"Salonik My\u015bliwski - K-Triumf Hotel","og_description":"Przytulne wn\u0119trze z kominkiem i wyj\u0105tkowym wystrojem tworzy idealne warunki do mniejszych narad, spotka\u0144 biznesowych oraz nieformalnych rozm\u00f3w w przyjemnej atmosferze. W cenie zawarte jest wyposa\u017cenie techniczne \u2013 projektor multimedialny, flipchart oraz szybkie Wi-Fi","og_url":"https:\/\/www.k-triumf.cz\/pl\/wydarzenia-firmowe-i-konferencje\/salonik-mysliwski\/","og_site_name":"K-Triumf Hotel","article_modified_time":"2026-03-12T14:26:08+00:00","twitter_card":"summary_large_image","twitter_misc":{"Est. reading time":"1 minuta"},"schema":{"@context":"https:\/\/schema.org","@graph":[{"@type":"WebPage","@id":"https:\/\/www.k-triumf.cz\/pl\/wydarzenia-firmowe-i-konferencje\/salonik-mysliwski\/","url":"https:\/\/www.k-triumf.cz\/pl\/wydarzenia-firmowe-i-konferencje\/salonik-mysliwski\/","name":"Salonik My\u015bliwski - K-Triumf Hotel","isPartOf":{"@id":"https:\/\/www.k-triumf.cz\/pl\/#website"},"datePublished":"2025-12-22T15:14:47+00:00","dateModified":"2026-03-12T14:26:08+00:00","description":"Przytulne wn\u0119trze z kominkiem i wyj\u0105tkowym wystrojem tworzy idealne warunki do mniejszych narad, spotka\u0144 biznesowych oraz nieformalnych rozm\u00f3w w przyjemnej atmosferze. W cenie zawarte jest wyposa\u017cenie techniczne \u2013 projektor multimedialny, flipchart oraz szybkie Wi-Fi","breadcrumb":{"@id":"https:\/\/www.k-triumf.cz\/pl\/wydarzenia-firmowe-i-konferencje\/salonik-mysliwski\/#breadcrumb"},"inLanguage":"pl-PL","potentialAction":[{"@type":"ReadAction","target":["https:\/\/www.k-triumf.cz\/pl\/wydarzenia-firmowe-i-konferencje\/salonik-mysliwski\/"]}]},{"@type":"BreadcrumbList","@id":"https:\/\/www.k-triumf.cz\/pl\/wydarzenia-firmowe-i-konferencje\/salonik-mysliwski\/#breadcrumb","itemListElement":[{"@type":"ListItem","position":1,"name":"Strona g\u0142\u00f3wna","item":"https:\/\/www.k-triumf.cz\/pl\/"},{"@type":"ListItem","position":2,"name":"Wydarzenia firmowe i konferencje","item":"https:\/\/www.k-triumf.cz\/pl\/prostory-pro-firemni-akce-a-konference\/"},{"@type":"ListItem","position":3,"name":"Salonik My\u015bliwski"}]},{"@type":"WebSite","@id":"https:\/\/www.k-triumf.cz\/pl\/#website","url":"https:\/\/www.k-triumf.cz\/pl\/","name":"K-Triumf Hotel","description":"","potentialAction":[{"@type":"SearchAction","target":{"@type":"EntryPoint","urlTemplate":"https:\/\/www.k-triumf.cz\/pl\/?s={search_term_string}"},"query-input":{"@type":"PropertyValueSpecification","valueRequired":true,"valueName":"search_term_string"}}],"inLanguage":"pl-PL"}]}},"acf":[],"_links":{"self":[{"href":"https:\/\/www.k-triumf.cz\/pl\/wp-json\/wp\/v2\/pages\/534","targetHints":{"allow":["GET"]}}],"collection":[{"href":"https:\/\/www.k-triumf.cz\/pl\/wp-json\/wp\/v2\/pages"}],"about":[{"href":"https:\/\/www.k-triumf.cz\/pl\/wp-json\/wp\/v2\/types\/page"}],"author":[{"embeddable":true,"href":"https:\/\/www.k-triumf.cz\/pl\/wp-json\/wp\/v2\/users\/13"}],"replies":[{"embeddable":true,"href":"https:\/\/www.k-triumf.cz\/pl\/wp-json\/wp\/v2\/comments?post=534"}],"version-history":[{"count":0,"href":"https:\/\/www.k-triumf.cz\/pl\/wp-json\/wp\/v2\/pages\/534\/revisions"}],"up":[{"embeddable":true,"href":"https:\/\/www.k-triumf.cz\/pl\/wp-json\/wp\/v2\/pages\/526"}],"wp:attachment":[{"href":"https:\/\/www.k-triumf.cz\/pl\/wp-json\/wp\/v2\/media?parent=534"}],"curies":[{"name":"wp","href":"https:\/\/api.w.org\/{rel}","templated":true}]}}