{"id":528,"date":"2025-12-22T14:56:16","date_gmt":"2025-12-22T14:56:16","guid":{"rendered":"https:\/\/k-triumf.ms3.decms.eu\/prostory-pro-firemni-akce-a-konference\/kongresovy-sal\/"},"modified":"2026-03-12T14:25:55","modified_gmt":"2026-03-12T14:25:55","slug":"sala-kongresowa","status":"publish","type":"page","link":"https:\/\/www.k-triumf.cz\/pl\/wydarzenia-firmowe-i-konferencje\/sala-kongresowa\/","title":{"rendered":"Sala Kongresowa"},"content":{"rendered":"<p style=\"text-align: center;\"><span style=\"font-weight: 400;\">Sala Kongresowa to idealne miejsce na wi\u0119ksze konferencje, kongresy, szkolenia czy gale firmowe. Przestronna i reprezentacyjna sala zapewnia komfortowe warunki oraz profesjonalne zaplecze techniczne. W cenie wynajmu zawarte jest wyposa\u017cenie techniczne \u2013 projektor multimedialny, flipchart oraz szybkie bezprzewodowe \u0142\u0105cze internetowe. Podana cena jest cen\u0105 ko\u0144cow\u0105 i obejmuje pe\u0142ne wyposa\u017cenie sali.<\/span><\/p>\n","protected":false},"excerpt":{"rendered":"<p>Sala Kongresowa to idealne miejsce na wi\u0119ksze konferencje, kongresy, szkolenia czy gale firmowe. Przestronna i reprezentacyjna sala zapewnia komfortowe warunki oraz profesjonalne zaplecze techniczne. W cenie wynajmu zawarte jest wyposa\u017cenie techniczne \u2013 projektor multimedialny, flipchart oraz szybkie bezprzewodowe \u0142\u0105cze internetowe. Podana cena jest cen\u0105 ko\u0144cow\u0105 i obejmuje pe\u0142ne wyposa\u017cenie sali.<\/p>\n","protected":false},"author":13,"featured_media":0,"parent":526,"menu_order":0,"comment_status":"closed","ping_status":"closed","template":"template-meeting.php","meta":{"footnotes":""},"class_list":["post-528","page","type-page","status-publish","hentry"],"yoast_head":"<!-- This site is optimized with the Yoast SEO plugin v26.9 - https:\/\/yoast.com\/product\/yoast-seo-wordpress\/ -->\n<title>Sala Kongresowa - K-Triumf Hotel<\/title>\n<meta name=\"description\" content=\"Sala Kongresowa to idealne miejsce na wi\u0119ksze konferencje, kongresy, szkolenia czy gale firmowe. Przestronna i reprezentacyjna sala zapewnia komfortowe warunki oraz profesjonalne zaplecze techniczne\" \/>\n<meta name=\"robots\" content=\"index, follow, max-snippet:-1, max-image-preview:large, max-video-preview:-1\" \/>\n<link rel=\"canonical\" href=\"https:\/\/www.k-triumf.cz\/pl\/wydarzenia-firmowe-i-konferencje\/sala-kongresowa\/\" \/>\n<meta property=\"og:locale\" content=\"pl_PL\" \/>\n<meta property=\"og:type\" content=\"article\" \/>\n<meta property=\"og:title\" content=\"Sala Kongresowa - K-Triumf Hotel\" \/>\n<meta property=\"og:description\" content=\"Sala Kongresowa to idealne miejsce na wi\u0119ksze konferencje, kongresy, szkolenia czy gale firmowe. Przestronna i reprezentacyjna sala zapewnia komfortowe warunki oraz profesjonalne zaplecze techniczne\" \/>\n<meta property=\"og:url\" content=\"https:\/\/www.k-triumf.cz\/pl\/wydarzenia-firmowe-i-konferencje\/sala-kongresowa\/\" \/>\n<meta property=\"og:site_name\" content=\"K-Triumf Hotel\" \/>\n<meta property=\"article:modified_time\" content=\"2026-03-12T14:25:55+00:00\" \/>\n<meta name=\"twitter:card\" content=\"summary_large_image\" \/>\n<meta name=\"twitter:label1\" content=\"Est. reading time\" \/>\n\t<meta name=\"twitter:data1\" content=\"1 minuta\" \/>\n<script type=\"application\/ld+json\" class=\"yoast-schema-graph\">{\"@context\":\"https:\/\/schema.org\",\"@graph\":[{\"@type\":\"WebPage\",\"@id\":\"https:\/\/www.k-triumf.cz\/pl\/wydarzenia-firmowe-i-konferencje\/sala-kongresowa\/\",\"url\":\"https:\/\/www.k-triumf.cz\/pl\/wydarzenia-firmowe-i-konferencje\/sala-kongresowa\/\",\"name\":\"Sala Kongresowa - K-Triumf Hotel\",\"isPartOf\":{\"@id\":\"https:\/\/www.k-triumf.cz\/pl\/#website\"},\"datePublished\":\"2025-12-22T14:56:16+00:00\",\"dateModified\":\"2026-03-12T14:25:55+00:00\",\"description\":\"Sala Kongresowa to idealne miejsce na wi\u0119ksze konferencje, kongresy, szkolenia czy gale firmowe. Przestronna i reprezentacyjna sala zapewnia komfortowe warunki oraz profesjonalne zaplecze techniczne\",\"breadcrumb\":{\"@id\":\"https:\/\/www.k-triumf.cz\/pl\/wydarzenia-firmowe-i-konferencje\/sala-kongresowa\/#breadcrumb\"},\"inLanguage\":\"pl-PL\",\"potentialAction\":[{\"@type\":\"ReadAction\",\"target\":[\"https:\/\/www.k-triumf.cz\/pl\/wydarzenia-firmowe-i-konferencje\/sala-kongresowa\/\"]}]},{\"@type\":\"BreadcrumbList\",\"@id\":\"https:\/\/www.k-triumf.cz\/pl\/wydarzenia-firmowe-i-konferencje\/sala-kongresowa\/#breadcrumb\",\"itemListElement\":[{\"@type\":\"ListItem\",\"position\":1,\"name\":\"Strona g\u0142\u00f3wna\",\"item\":\"https:\/\/www.k-triumf.cz\/pl\/\"},{\"@type\":\"ListItem\",\"position\":2,\"name\":\"Wydarzenia firmowe i konferencje\",\"item\":\"https:\/\/www.k-triumf.cz\/pl\/prostory-pro-firemni-akce-a-konference\/\"},{\"@type\":\"ListItem\",\"position\":3,\"name\":\"Sala Kongresowa\"}]},{\"@type\":\"WebSite\",\"@id\":\"https:\/\/www.k-triumf.cz\/pl\/#website\",\"url\":\"https:\/\/www.k-triumf.cz\/pl\/\",\"name\":\"K-Triumf Hotel\",\"description\":\"\",\"potentialAction\":[{\"@type\":\"SearchAction\",\"target\":{\"@type\":\"EntryPoint\",\"urlTemplate\":\"https:\/\/www.k-triumf.cz\/pl\/?s={search_term_string}\"},\"query-input\":{\"@type\":\"PropertyValueSpecification\",\"valueRequired\":true,\"valueName\":\"search_term_string\"}}],\"inLanguage\":\"pl-PL\"}]}<\/script>\n<!-- \/ Yoast SEO plugin. -->","yoast_head_json":{"title":"Sala Kongresowa - K-Triumf Hotel","description":"Sala Kongresowa to idealne miejsce na wi\u0119ksze konferencje, kongresy, szkolenia czy gale firmowe. Przestronna i reprezentacyjna sala zapewnia komfortowe warunki oraz profesjonalne zaplecze techniczne","robots":{"index":"index","follow":"follow","max-snippet":"max-snippet:-1","max-image-preview":"max-image-preview:large","max-video-preview":"max-video-preview:-1"},"canonical":"https:\/\/www.k-triumf.cz\/pl\/wydarzenia-firmowe-i-konferencje\/sala-kongresowa\/","og_locale":"pl_PL","og_type":"article","og_title":"Sala Kongresowa - K-Triumf Hotel","og_description":"Sala Kongresowa to idealne miejsce na wi\u0119ksze konferencje, kongresy, szkolenia czy gale firmowe. Przestronna i reprezentacyjna sala zapewnia komfortowe warunki oraz profesjonalne zaplecze techniczne","og_url":"https:\/\/www.k-triumf.cz\/pl\/wydarzenia-firmowe-i-konferencje\/sala-kongresowa\/","og_site_name":"K-Triumf Hotel","article_modified_time":"2026-03-12T14:25:55+00:00","twitter_card":"summary_large_image","twitter_misc":{"Est. reading time":"1 minuta"},"schema":{"@context":"https:\/\/schema.org","@graph":[{"@type":"WebPage","@id":"https:\/\/www.k-triumf.cz\/pl\/wydarzenia-firmowe-i-konferencje\/sala-kongresowa\/","url":"https:\/\/www.k-triumf.cz\/pl\/wydarzenia-firmowe-i-konferencje\/sala-kongresowa\/","name":"Sala Kongresowa - K-Triumf Hotel","isPartOf":{"@id":"https:\/\/www.k-triumf.cz\/pl\/#website"},"datePublished":"2025-12-22T14:56:16+00:00","dateModified":"2026-03-12T14:25:55+00:00","description":"Sala Kongresowa to idealne miejsce na wi\u0119ksze konferencje, kongresy, szkolenia czy gale firmowe. Przestronna i reprezentacyjna sala zapewnia komfortowe warunki oraz profesjonalne zaplecze techniczne","breadcrumb":{"@id":"https:\/\/www.k-triumf.cz\/pl\/wydarzenia-firmowe-i-konferencje\/sala-kongresowa\/#breadcrumb"},"inLanguage":"pl-PL","potentialAction":[{"@type":"ReadAction","target":["https:\/\/www.k-triumf.cz\/pl\/wydarzenia-firmowe-i-konferencje\/sala-kongresowa\/"]}]},{"@type":"BreadcrumbList","@id":"https:\/\/www.k-triumf.cz\/pl\/wydarzenia-firmowe-i-konferencje\/sala-kongresowa\/#breadcrumb","itemListElement":[{"@type":"ListItem","position":1,"name":"Strona g\u0142\u00f3wna","item":"https:\/\/www.k-triumf.cz\/pl\/"},{"@type":"ListItem","position":2,"name":"Wydarzenia firmowe i konferencje","item":"https:\/\/www.k-triumf.cz\/pl\/prostory-pro-firemni-akce-a-konference\/"},{"@type":"ListItem","position":3,"name":"Sala Kongresowa"}]},{"@type":"WebSite","@id":"https:\/\/www.k-triumf.cz\/pl\/#website","url":"https:\/\/www.k-triumf.cz\/pl\/","name":"K-Triumf Hotel","description":"","potentialAction":[{"@type":"SearchAction","target":{"@type":"EntryPoint","urlTemplate":"https:\/\/www.k-triumf.cz\/pl\/?s={search_term_string}"},"query-input":{"@type":"PropertyValueSpecification","valueRequired":true,"valueName":"search_term_string"}}],"inLanguage":"pl-PL"}]}},"acf":[],"_links":{"self":[{"href":"https:\/\/www.k-triumf.cz\/pl\/wp-json\/wp\/v2\/pages\/528","targetHints":{"allow":["GET"]}}],"collection":[{"href":"https:\/\/www.k-triumf.cz\/pl\/wp-json\/wp\/v2\/pages"}],"about":[{"href":"https:\/\/www.k-triumf.cz\/pl\/wp-json\/wp\/v2\/types\/page"}],"author":[{"embeddable":true,"href":"https:\/\/www.k-triumf.cz\/pl\/wp-json\/wp\/v2\/users\/13"}],"replies":[{"embeddable":true,"href":"https:\/\/www.k-triumf.cz\/pl\/wp-json\/wp\/v2\/comments?post=528"}],"version-history":[{"count":0,"href":"https:\/\/www.k-triumf.cz\/pl\/wp-json\/wp\/v2\/pages\/528\/revisions"}],"up":[{"embeddable":true,"href":"https:\/\/www.k-triumf.cz\/pl\/wp-json\/wp\/v2\/pages\/526"}],"wp:attachment":[{"href":"https:\/\/www.k-triumf.cz\/pl\/wp-json\/wp\/v2\/media?parent=528"}],"curies":[{"name":"wp","href":"https:\/\/api.w.org\/{rel}","templated":true}]}}