{"id":526,"date":"2025-12-22T14:40:46","date_gmt":"2025-12-22T14:40:46","guid":{"rendered":"https:\/\/k-triumf.ms3.decms.eu\/prostory-pro-firemni-akce-a-konference\/"},"modified":"2026-03-17T13:42:13","modified_gmt":"2026-03-17T13:42:13","slug":"wydarzenia-firmowe-i-konferencje","status":"publish","type":"page","link":"https:\/\/www.k-triumf.cz\/pl\/wydarzenia-firmowe-i-konferencje\/","title":{"rendered":"Wydarzenia firmowe i konferencje"},"content":{"rendered":"<p style=\"text-align: center;\">Hotel K-Triumf oferuje idealne warunki do organizacji konferencji, szkole\u0144, seminari\u00f3w, warsztat\u00f3w, wydarze\u0144 integracyjnych oraz innych spotka\u0144 firmowych. Dost\u0119pnych jest pi\u0119\u0107 w pe\u0142ni wyposa\u017conych sal konferencyjnych o pojemno\u015bci od 20 do 200 os\u00f3b, o \u0142\u0105cznej pojemno\u015bci do 320 go\u015bci. Zapewniamy nowoczesny sprz\u0119t AV, szybkie Wi-Fi oraz kompleksow\u0105 obs\u0142ug\u0119 \u2013 noclegi, catering, przerwy kawowe i program dodatkowy.<\/p>\n","protected":false},"excerpt":{"rendered":"<p>Hotel K-Triumf oferuje idealne warunki do organizacji konferencji, szkole\u0144, seminari\u00f3w, warsztat\u00f3w, wydarze\u0144 integracyjnych oraz innych spotka\u0144 firmowych. Dost\u0119pnych jest pi\u0119\u0107 w pe\u0142ni wyposa\u017conych sal konferencyjnych o pojemno\u015bci od 20 do 200 os\u00f3b, o \u0142\u0105cznej pojemno\u015bci do 320 go\u015bci. Zapewniamy nowoczesny sprz\u0119t AV, szybkie Wi-Fi oraz kompleksow\u0105 obs\u0142ug\u0119 \u2013 noclegi, catering, przerwy kawowe i program dodatkowy.<\/p>\n","protected":false},"author":13,"featured_media":0,"parent":0,"menu_order":30,"comment_status":"closed","ping_status":"closed","template":"template-default-3.php","meta":{"footnotes":""},"class_list":["post-526","page","type-page","status-publish","hentry"],"yoast_head":"<!-- This site is optimized with the Yoast SEO plugin v26.9 - https:\/\/yoast.com\/product\/yoast-seo-wordpress\/ -->\n<title>Wydarzenia firmowe i konferencje - K-Triumf Hotel<\/title>\n<meta name=\"description\" content=\"Hotel K-Triumf oferuje idealne warunki do organizacji konferencji, szkole\u0144, seminari\u00f3w, warsztat\u00f3w, wydarze\u0144 integracyjnych oraz innych spotka\u0144 firmowych. Dost\u0119pnych jest pi\u0119\u0107 w pe\u0142ni wyposa\u017conych sal konferencyjnych o pojemno\u015bci od 20 do 200 os\u00f3b, o \u0142\u0105cznej pojemno\u015bci do 320 go\u015bci\" \/>\n<meta name=\"robots\" content=\"index, follow, max-snippet:-1, max-image-preview:large, max-video-preview:-1\" \/>\n<link rel=\"canonical\" href=\"https:\/\/www.k-triumf.cz\/pl\/wydarzenia-firmowe-i-konferencje\/\" \/>\n<meta property=\"og:locale\" content=\"pl_PL\" \/>\n<meta property=\"og:type\" content=\"article\" \/>\n<meta property=\"og:title\" content=\"Wydarzenia firmowe i konferencje - K-Triumf Hotel\" \/>\n<meta property=\"og:description\" content=\"Hotel K-Triumf oferuje idealne warunki do organizacji konferencji, szkole\u0144, seminari\u00f3w, warsztat\u00f3w, wydarze\u0144 integracyjnych oraz innych spotka\u0144 firmowych. Dost\u0119pnych jest pi\u0119\u0107 w pe\u0142ni wyposa\u017conych sal konferencyjnych o pojemno\u015bci od 20 do 200 os\u00f3b, o \u0142\u0105cznej pojemno\u015bci do 320 go\u015bci\" \/>\n<meta property=\"og:url\" content=\"https:\/\/www.k-triumf.cz\/pl\/wydarzenia-firmowe-i-konferencje\/\" \/>\n<meta property=\"og:site_name\" content=\"K-Triumf Hotel\" \/>\n<meta property=\"article:modified_time\" content=\"2026-03-17T13:42:13+00:00\" \/>\n<meta name=\"twitter:card\" content=\"summary_large_image\" \/>\n<meta name=\"twitter:label1\" content=\"Est. reading time\" \/>\n\t<meta name=\"twitter:data1\" content=\"1 minuta\" \/>\n<script type=\"application\/ld+json\" class=\"yoast-schema-graph\">{\"@context\":\"https:\/\/schema.org\",\"@graph\":[{\"@type\":\"WebPage\",\"@id\":\"https:\/\/www.k-triumf.cz\/pl\/wydarzenia-firmowe-i-konferencje\/\",\"url\":\"https:\/\/www.k-triumf.cz\/pl\/wydarzenia-firmowe-i-konferencje\/\",\"name\":\"Wydarzenia firmowe i konferencje - K-Triumf Hotel\",\"isPartOf\":{\"@id\":\"https:\/\/www.k-triumf.cz\/pl\/#website\"},\"datePublished\":\"2025-12-22T14:40:46+00:00\",\"dateModified\":\"2026-03-17T13:42:13+00:00\",\"description\":\"Hotel K-Triumf oferuje idealne warunki do organizacji konferencji, szkole\u0144, seminari\u00f3w, warsztat\u00f3w, wydarze\u0144 integracyjnych oraz innych spotka\u0144 firmowych. Dost\u0119pnych jest pi\u0119\u0107 w pe\u0142ni wyposa\u017conych sal konferencyjnych o pojemno\u015bci od 20 do 200 os\u00f3b, o \u0142\u0105cznej pojemno\u015bci do 320 go\u015bci\",\"breadcrumb\":{\"@id\":\"https:\/\/www.k-triumf.cz\/pl\/wydarzenia-firmowe-i-konferencje\/#breadcrumb\"},\"inLanguage\":\"pl-PL\",\"potentialAction\":[{\"@type\":\"ReadAction\",\"target\":[\"https:\/\/www.k-triumf.cz\/pl\/wydarzenia-firmowe-i-konferencje\/\"]}]},{\"@type\":\"BreadcrumbList\",\"@id\":\"https:\/\/www.k-triumf.cz\/pl\/wydarzenia-firmowe-i-konferencje\/#breadcrumb\",\"itemListElement\":[{\"@type\":\"ListItem\",\"position\":1,\"name\":\"Strona g\u0142\u00f3wna\",\"item\":\"https:\/\/www.k-triumf.cz\/pl\/\"},{\"@type\":\"ListItem\",\"position\":2,\"name\":\"Wydarzenia firmowe i konferencje\"}]},{\"@type\":\"WebSite\",\"@id\":\"https:\/\/www.k-triumf.cz\/pl\/#website\",\"url\":\"https:\/\/www.k-triumf.cz\/pl\/\",\"name\":\"K-Triumf Hotel\",\"description\":\"\",\"potentialAction\":[{\"@type\":\"SearchAction\",\"target\":{\"@type\":\"EntryPoint\",\"urlTemplate\":\"https:\/\/www.k-triumf.cz\/pl\/?s={search_term_string}\"},\"query-input\":{\"@type\":\"PropertyValueSpecification\",\"valueRequired\":true,\"valueName\":\"search_term_string\"}}],\"inLanguage\":\"pl-PL\"}]}<\/script>\n<!-- \/ Yoast SEO plugin. -->","yoast_head_json":{"title":"Wydarzenia firmowe i konferencje - K-Triumf Hotel","description":"Hotel K-Triumf oferuje idealne warunki do organizacji konferencji, szkole\u0144, seminari\u00f3w, warsztat\u00f3w, wydarze\u0144 integracyjnych oraz innych spotka\u0144 firmowych. Dost\u0119pnych jest pi\u0119\u0107 w pe\u0142ni wyposa\u017conych sal konferencyjnych o pojemno\u015bci od 20 do 200 os\u00f3b, o \u0142\u0105cznej pojemno\u015bci do 320 go\u015bci","robots":{"index":"index","follow":"follow","max-snippet":"max-snippet:-1","max-image-preview":"max-image-preview:large","max-video-preview":"max-video-preview:-1"},"canonical":"https:\/\/www.k-triumf.cz\/pl\/wydarzenia-firmowe-i-konferencje\/","og_locale":"pl_PL","og_type":"article","og_title":"Wydarzenia firmowe i konferencje - K-Triumf Hotel","og_description":"Hotel K-Triumf oferuje idealne warunki do organizacji konferencji, szkole\u0144, seminari\u00f3w, warsztat\u00f3w, wydarze\u0144 integracyjnych oraz innych spotka\u0144 firmowych. Dost\u0119pnych jest pi\u0119\u0107 w pe\u0142ni wyposa\u017conych sal konferencyjnych o pojemno\u015bci od 20 do 200 os\u00f3b, o \u0142\u0105cznej pojemno\u015bci do 320 go\u015bci","og_url":"https:\/\/www.k-triumf.cz\/pl\/wydarzenia-firmowe-i-konferencje\/","og_site_name":"K-Triumf Hotel","article_modified_time":"2026-03-17T13:42:13+00:00","twitter_card":"summary_large_image","twitter_misc":{"Est. reading time":"1 minuta"},"schema":{"@context":"https:\/\/schema.org","@graph":[{"@type":"WebPage","@id":"https:\/\/www.k-triumf.cz\/pl\/wydarzenia-firmowe-i-konferencje\/","url":"https:\/\/www.k-triumf.cz\/pl\/wydarzenia-firmowe-i-konferencje\/","name":"Wydarzenia firmowe i konferencje - K-Triumf Hotel","isPartOf":{"@id":"https:\/\/www.k-triumf.cz\/pl\/#website"},"datePublished":"2025-12-22T14:40:46+00:00","dateModified":"2026-03-17T13:42:13+00:00","description":"Hotel K-Triumf oferuje idealne warunki do organizacji konferencji, szkole\u0144, seminari\u00f3w, warsztat\u00f3w, wydarze\u0144 integracyjnych oraz innych spotka\u0144 firmowych. Dost\u0119pnych jest pi\u0119\u0107 w pe\u0142ni wyposa\u017conych sal konferencyjnych o pojemno\u015bci od 20 do 200 os\u00f3b, o \u0142\u0105cznej pojemno\u015bci do 320 go\u015bci","breadcrumb":{"@id":"https:\/\/www.k-triumf.cz\/pl\/wydarzenia-firmowe-i-konferencje\/#breadcrumb"},"inLanguage":"pl-PL","potentialAction":[{"@type":"ReadAction","target":["https:\/\/www.k-triumf.cz\/pl\/wydarzenia-firmowe-i-konferencje\/"]}]},{"@type":"BreadcrumbList","@id":"https:\/\/www.k-triumf.cz\/pl\/wydarzenia-firmowe-i-konferencje\/#breadcrumb","itemListElement":[{"@type":"ListItem","position":1,"name":"Strona g\u0142\u00f3wna","item":"https:\/\/www.k-triumf.cz\/pl\/"},{"@type":"ListItem","position":2,"name":"Wydarzenia firmowe i konferencje"}]},{"@type":"WebSite","@id":"https:\/\/www.k-triumf.cz\/pl\/#website","url":"https:\/\/www.k-triumf.cz\/pl\/","name":"K-Triumf Hotel","description":"","potentialAction":[{"@type":"SearchAction","target":{"@type":"EntryPoint","urlTemplate":"https:\/\/www.k-triumf.cz\/pl\/?s={search_term_string}"},"query-input":{"@type":"PropertyValueSpecification","valueRequired":true,"valueName":"search_term_string"}}],"inLanguage":"pl-PL"}]}},"acf":[],"_links":{"self":[{"href":"https:\/\/www.k-triumf.cz\/pl\/wp-json\/wp\/v2\/pages\/526","targetHints":{"allow":["GET"]}}],"collection":[{"href":"https:\/\/www.k-triumf.cz\/pl\/wp-json\/wp\/v2\/pages"}],"about":[{"href":"https:\/\/www.k-triumf.cz\/pl\/wp-json\/wp\/v2\/types\/page"}],"author":[{"embeddable":true,"href":"https:\/\/www.k-triumf.cz\/pl\/wp-json\/wp\/v2\/users\/13"}],"replies":[{"embeddable":true,"href":"https:\/\/www.k-triumf.cz\/pl\/wp-json\/wp\/v2\/comments?post=526"}],"version-history":[{"count":0,"href":"https:\/\/www.k-triumf.cz\/pl\/wp-json\/wp\/v2\/pages\/526\/revisions"}],"wp:attachment":[{"href":"https:\/\/www.k-triumf.cz\/pl\/wp-json\/wp\/v2\/media?parent=526"}],"curies":[{"name":"wp","href":"https:\/\/api.w.org\/{rel}","templated":true}]}}