{"id":517,"date":"2025-12-22T14:29:15","date_gmt":"2025-12-22T14:29:15","guid":{"rendered":"https:\/\/k-triumf.ms3.decms.eu\/wellness-a-relax\/privatni-finska-sauna\/"},"modified":"2026-03-04T15:54:09","modified_gmt":"2026-03-04T15:54:09","slug":"prywatna-sauna-finska","status":"publish","type":"page","link":"https:\/\/www.k-triumf.cz\/pl\/wellness-i-relaks\/prywatna-sauna-finska\/","title":{"rendered":"Prywatna sauna fi\u0144ska"},"content":{"rendered":"<p><strong>Spok\u00f3j i ciep\u0142o tylko dla Ciebie<\/strong><\/p>\n<p>Cena: <strong>500 CZK \/ 50 minut<\/strong><br \/>\n* Wymagana rezerwacja (maks. 4 osoby)<\/p>\n<p style=\"text-align: center;\"><strong>Rezerwacje i informacje<\/strong><br \/>\n\ud83d\udcde <a href=\"tel:+420 491 407 121\">+420 491 407 121<\/a><br \/>\n\u2709\ufe0f <a href=\"mailto:info@k-triumf.cz\">info@k-triumf.cz<\/a><\/p>\n","protected":false},"excerpt":{"rendered":"<p>Spok\u00f3j i ciep\u0142o tylko dla Ciebie Cena: 500 CZK \/ 50 minut * Wymagana rezerwacja (maks. 4 osoby) Rezerwacje i informacje \ud83d\udcde +420 491 407 121 \u2709\ufe0f info@k-triumf.cz<\/p>\n","protected":false},"author":13,"featured_media":0,"parent":515,"menu_order":0,"comment_status":"closed","ping_status":"closed","template":"template-spa.php","meta":{"footnotes":""},"class_list":["post-517","page","type-page","status-publish","hentry"],"yoast_head":"<!-- This site is optimized with the Yoast SEO plugin v26.9 - https:\/\/yoast.com\/product\/yoast-seo-wordpress\/ -->\n<title>Prywatna sauna fi\u0144ska - K-Triumf Hotel<\/title>\n<meta name=\"description\" content=\"Spok\u00f3j i ciep\u0142o tylko dla Ciebie  Cena: 500 CZK \/ 50 minut * Wymagana rezerwacja (maks. 4 osoby) Rezerwacje i informacje \ud83d\udcde +420 491 407 121 \u2709\ufe0f info@k-triumf.cz\" \/>\n<meta name=\"robots\" content=\"index, follow, max-snippet:-1, max-image-preview:large, max-video-preview:-1\" \/>\n<link rel=\"canonical\" href=\"https:\/\/www.k-triumf.cz\/pl\/wellness-i-relaks\/prywatna-sauna-finska\/\" \/>\n<meta property=\"og:locale\" content=\"pl_PL\" \/>\n<meta property=\"og:type\" content=\"article\" \/>\n<meta property=\"og:title\" content=\"Prywatna sauna fi\u0144ska - K-Triumf Hotel\" \/>\n<meta property=\"og:description\" content=\"Spok\u00f3j i ciep\u0142o tylko dla Ciebie  Cena: 500 CZK \/ 50 minut * Wymagana rezerwacja (maks. 4 osoby) Rezerwacje i informacje \ud83d\udcde +420 491 407 121 \u2709\ufe0f info@k-triumf.cz\" \/>\n<meta property=\"og:url\" content=\"https:\/\/www.k-triumf.cz\/pl\/wellness-i-relaks\/prywatna-sauna-finska\/\" \/>\n<meta property=\"og:site_name\" content=\"K-Triumf Hotel\" \/>\n<meta property=\"article:modified_time\" content=\"2026-03-04T15:54:09+00:00\" \/>\n<meta name=\"twitter:card\" content=\"summary_large_image\" \/>\n<meta name=\"twitter:label1\" content=\"Est. reading time\" \/>\n\t<meta name=\"twitter:data1\" content=\"1 minuta\" \/>\n<script type=\"application\/ld+json\" class=\"yoast-schema-graph\">{\"@context\":\"https:\/\/schema.org\",\"@graph\":[{\"@type\":\"WebPage\",\"@id\":\"https:\/\/www.k-triumf.cz\/pl\/wellness-i-relaks\/prywatna-sauna-finska\/\",\"url\":\"https:\/\/www.k-triumf.cz\/pl\/wellness-i-relaks\/prywatna-sauna-finska\/\",\"name\":\"Prywatna sauna fi\u0144ska - K-Triumf Hotel\",\"isPartOf\":{\"@id\":\"https:\/\/www.k-triumf.cz\/pl\/#website\"},\"datePublished\":\"2025-12-22T14:29:15+00:00\",\"dateModified\":\"2026-03-04T15:54:09+00:00\",\"description\":\"Spok\u00f3j i ciep\u0142o tylko dla Ciebie Cena: 500 CZK \/ 50 minut * Wymagana rezerwacja (maks. 4 osoby) Rezerwacje i informacje \ud83d\udcde +420 491 407 121 \u2709\ufe0f info@k-triumf.cz\",\"breadcrumb\":{\"@id\":\"https:\/\/www.k-triumf.cz\/pl\/wellness-i-relaks\/prywatna-sauna-finska\/#breadcrumb\"},\"inLanguage\":\"pl-PL\",\"potentialAction\":[{\"@type\":\"ReadAction\",\"target\":[\"https:\/\/www.k-triumf.cz\/pl\/wellness-i-relaks\/prywatna-sauna-finska\/\"]}]},{\"@type\":\"BreadcrumbList\",\"@id\":\"https:\/\/www.k-triumf.cz\/pl\/wellness-i-relaks\/prywatna-sauna-finska\/#breadcrumb\",\"itemListElement\":[{\"@type\":\"ListItem\",\"position\":1,\"name\":\"Strona g\u0142\u00f3wna\",\"item\":\"https:\/\/www.k-triumf.cz\/pl\/\"},{\"@type\":\"ListItem\",\"position\":2,\"name\":\"Wellness i relaks\",\"item\":\"https:\/\/www.k-triumf.cz\/pl\/wellness-a-relax\/\"},{\"@type\":\"ListItem\",\"position\":3,\"name\":\"Prywatna sauna fi\u0144ska\"}]},{\"@type\":\"WebSite\",\"@id\":\"https:\/\/www.k-triumf.cz\/pl\/#website\",\"url\":\"https:\/\/www.k-triumf.cz\/pl\/\",\"name\":\"K-Triumf Hotel\",\"description\":\"\",\"potentialAction\":[{\"@type\":\"SearchAction\",\"target\":{\"@type\":\"EntryPoint\",\"urlTemplate\":\"https:\/\/www.k-triumf.cz\/pl\/?s={search_term_string}\"},\"query-input\":{\"@type\":\"PropertyValueSpecification\",\"valueRequired\":true,\"valueName\":\"search_term_string\"}}],\"inLanguage\":\"pl-PL\"}]}<\/script>\n<!-- \/ Yoast SEO plugin. -->","yoast_head_json":{"title":"Prywatna sauna fi\u0144ska - K-Triumf Hotel","description":"Spok\u00f3j i ciep\u0142o tylko dla Ciebie  Cena: 500 CZK \/ 50 minut * Wymagana rezerwacja (maks. 4 osoby) Rezerwacje i informacje \ud83d\udcde +420 491 407 121 \u2709\ufe0f info@k-triumf.cz","robots":{"index":"index","follow":"follow","max-snippet":"max-snippet:-1","max-image-preview":"max-image-preview:large","max-video-preview":"max-video-preview:-1"},"canonical":"https:\/\/www.k-triumf.cz\/pl\/wellness-i-relaks\/prywatna-sauna-finska\/","og_locale":"pl_PL","og_type":"article","og_title":"Prywatna sauna fi\u0144ska - K-Triumf Hotel","og_description":"Spok\u00f3j i ciep\u0142o tylko dla Ciebie  Cena: 500 CZK \/ 50 minut * Wymagana rezerwacja (maks. 4 osoby) Rezerwacje i informacje \ud83d\udcde +420 491 407 121 \u2709\ufe0f info@k-triumf.cz","og_url":"https:\/\/www.k-triumf.cz\/pl\/wellness-i-relaks\/prywatna-sauna-finska\/","og_site_name":"K-Triumf Hotel","article_modified_time":"2026-03-04T15:54:09+00:00","twitter_card":"summary_large_image","twitter_misc":{"Est. reading time":"1 minuta"},"schema":{"@context":"https:\/\/schema.org","@graph":[{"@type":"WebPage","@id":"https:\/\/www.k-triumf.cz\/pl\/wellness-i-relaks\/prywatna-sauna-finska\/","url":"https:\/\/www.k-triumf.cz\/pl\/wellness-i-relaks\/prywatna-sauna-finska\/","name":"Prywatna sauna fi\u0144ska - K-Triumf Hotel","isPartOf":{"@id":"https:\/\/www.k-triumf.cz\/pl\/#website"},"datePublished":"2025-12-22T14:29:15+00:00","dateModified":"2026-03-04T15:54:09+00:00","description":"Spok\u00f3j i ciep\u0142o tylko dla Ciebie Cena: 500 CZK \/ 50 minut * Wymagana rezerwacja (maks. 4 osoby) Rezerwacje i informacje \ud83d\udcde +420 491 407 121 \u2709\ufe0f info@k-triumf.cz","breadcrumb":{"@id":"https:\/\/www.k-triumf.cz\/pl\/wellness-i-relaks\/prywatna-sauna-finska\/#breadcrumb"},"inLanguage":"pl-PL","potentialAction":[{"@type":"ReadAction","target":["https:\/\/www.k-triumf.cz\/pl\/wellness-i-relaks\/prywatna-sauna-finska\/"]}]},{"@type":"BreadcrumbList","@id":"https:\/\/www.k-triumf.cz\/pl\/wellness-i-relaks\/prywatna-sauna-finska\/#breadcrumb","itemListElement":[{"@type":"ListItem","position":1,"name":"Strona g\u0142\u00f3wna","item":"https:\/\/www.k-triumf.cz\/pl\/"},{"@type":"ListItem","position":2,"name":"Wellness i relaks","item":"https:\/\/www.k-triumf.cz\/pl\/wellness-a-relax\/"},{"@type":"ListItem","position":3,"name":"Prywatna sauna fi\u0144ska"}]},{"@type":"WebSite","@id":"https:\/\/www.k-triumf.cz\/pl\/#website","url":"https:\/\/www.k-triumf.cz\/pl\/","name":"K-Triumf Hotel","description":"","potentialAction":[{"@type":"SearchAction","target":{"@type":"EntryPoint","urlTemplate":"https:\/\/www.k-triumf.cz\/pl\/?s={search_term_string}"},"query-input":{"@type":"PropertyValueSpecification","valueRequired":true,"valueName":"search_term_string"}}],"inLanguage":"pl-PL"}]}},"acf":[],"_links":{"self":[{"href":"https:\/\/www.k-triumf.cz\/pl\/wp-json\/wp\/v2\/pages\/517","targetHints":{"allow":["GET"]}}],"collection":[{"href":"https:\/\/www.k-triumf.cz\/pl\/wp-json\/wp\/v2\/pages"}],"about":[{"href":"https:\/\/www.k-triumf.cz\/pl\/wp-json\/wp\/v2\/types\/page"}],"author":[{"embeddable":true,"href":"https:\/\/www.k-triumf.cz\/pl\/wp-json\/wp\/v2\/users\/13"}],"replies":[{"embeddable":true,"href":"https:\/\/www.k-triumf.cz\/pl\/wp-json\/wp\/v2\/comments?post=517"}],"version-history":[{"count":0,"href":"https:\/\/www.k-triumf.cz\/pl\/wp-json\/wp\/v2\/pages\/517\/revisions"}],"up":[{"embeddable":true,"href":"https:\/\/www.k-triumf.cz\/pl\/wp-json\/wp\/v2\/pages\/515"}],"wp:attachment":[{"href":"https:\/\/www.k-triumf.cz\/pl\/wp-json\/wp\/v2\/media?parent=517"}],"curies":[{"name":"wp","href":"https:\/\/api.w.org\/{rel}","templated":true}]}}