{"id":515,"date":"2025-12-22T14:03:48","date_gmt":"2025-12-22T14:03:48","guid":{"rendered":"https:\/\/k-triumf.ms3.decms.eu\/wellness-a-relax\/"},"modified":"2026-02-05T13:49:36","modified_gmt":"2026-02-05T13:49:36","slug":"wellness-i-relaks","status":"publish","type":"page","link":"https:\/\/www.k-triumf.cz\/pl\/wellness-i-relaks\/","title":{"rendered":"Wellness i relaks"},"content":{"rendered":"<p>Zapraszamy do hotelowej strefy wellness z przeszklonym tarasem i widokiem na zagrod\u0119 z dzik\u0105 zwierzyn\u0105. Nasz wellness oferuje go\u015bciom dwa jacuzzi, sauna parowa, prysznice wra\u017ce\u0144 oraz strefa relaksu. Dost\u0119pne s\u0105 r\u00f3wnie\u017c masa\u017ce relaksacyjne i sportowe oraz prywatne wellness. Dla par przygotowali\u015bmy romantyczne pakiety wellness.<\/p>\n<p style=\"text-align: center;\"><strong>Rezerwacje i informacje<\/strong><br \/>\n<a href=\"tel:+420491407121\">+420 491 407 121<\/a><br \/>\n<a href=\"mailto:info@k-triumf.cz\">info@k-triumf.cz<\/a><\/p>\n","protected":false},"excerpt":{"rendered":"<p>Zapraszamy do hotelowej strefy wellness z przeszklonym tarasem i widokiem na zagrod\u0119 z dzik\u0105 zwierzyn\u0105. Nasz wellness oferuje go\u015bciom dwa jacuzzi, sauna parowa, prysznice wra\u017ce\u0144 oraz strefa relaksu. Dost\u0119pne s\u0105 r\u00f3wnie\u017c masa\u017ce relaksacyjne i sportowe oraz prywatne wellness. Dla par przygotowali\u015bmy romantyczne pakiety wellness. Rezerwacje i informacje +420 491 407 121 info@k-triumf.cz<\/p>\n","protected":false},"author":13,"featured_media":0,"parent":0,"menu_order":40,"comment_status":"closed","ping_status":"closed","template":"template-spa.php","meta":{"footnotes":""},"class_list":["post-515","page","type-page","status-publish","hentry"],"yoast_head":"<!-- This site is optimized with the Yoast SEO plugin v26.9 - https:\/\/yoast.com\/product\/yoast-seo-wordpress\/ -->\n<title>Wellness i relaks - K-Triumf Hotel<\/title>\n<meta name=\"description\" content=\"Zapraszamy do hotelowej strefy wellness z przeszklonym tarasem i widokiem na zagrod\u0119 z dzik\u0105 zwierzyn\u0105. Nasz wellness oferuje go\u015bciom dwa jacuzzi, sauna parowa, prysznice wra\u017ce\u0144 oraz strefa relaksu\" \/>\n<meta name=\"robots\" content=\"index, follow, max-snippet:-1, max-image-preview:large, max-video-preview:-1\" \/>\n<link rel=\"canonical\" href=\"https:\/\/www.k-triumf.cz\/pl\/wellness-i-relaks\/\" \/>\n<meta property=\"og:locale\" content=\"pl_PL\" \/>\n<meta property=\"og:type\" content=\"article\" \/>\n<meta property=\"og:title\" content=\"Wellness i relaks - K-Triumf Hotel\" \/>\n<meta property=\"og:description\" content=\"Zapraszamy do hotelowej strefy wellness z przeszklonym tarasem i widokiem na zagrod\u0119 z dzik\u0105 zwierzyn\u0105. Nasz wellness oferuje go\u015bciom dwa jacuzzi, sauna parowa, prysznice wra\u017ce\u0144 oraz strefa relaksu\" \/>\n<meta property=\"og:url\" content=\"https:\/\/www.k-triumf.cz\/pl\/wellness-i-relaks\/\" \/>\n<meta property=\"og:site_name\" content=\"K-Triumf Hotel\" \/>\n<meta property=\"article:modified_time\" content=\"2026-02-05T13:49:36+00:00\" \/>\n<meta name=\"twitter:card\" content=\"summary_large_image\" \/>\n<meta name=\"twitter:label1\" content=\"Est. reading time\" \/>\n\t<meta name=\"twitter:data1\" content=\"1 minuta\" \/>\n<script type=\"application\/ld+json\" class=\"yoast-schema-graph\">{\"@context\":\"https:\/\/schema.org\",\"@graph\":[{\"@type\":\"WebPage\",\"@id\":\"https:\/\/www.k-triumf.cz\/pl\/wellness-i-relaks\/\",\"url\":\"https:\/\/www.k-triumf.cz\/pl\/wellness-i-relaks\/\",\"name\":\"Wellness i relaks - K-Triumf Hotel\",\"isPartOf\":{\"@id\":\"https:\/\/www.k-triumf.cz\/pl\/#website\"},\"datePublished\":\"2025-12-22T14:03:48+00:00\",\"dateModified\":\"2026-02-05T13:49:36+00:00\",\"description\":\"Zapraszamy do hotelowej strefy wellness z przeszklonym tarasem i widokiem na zagrod\u0119 z dzik\u0105 zwierzyn\u0105. Nasz wellness oferuje go\u015bciom dwa jacuzzi, sauna parowa, prysznice wra\u017ce\u0144 oraz strefa relaksu\",\"breadcrumb\":{\"@id\":\"https:\/\/www.k-triumf.cz\/pl\/wellness-i-relaks\/#breadcrumb\"},\"inLanguage\":\"pl-PL\",\"potentialAction\":[{\"@type\":\"ReadAction\",\"target\":[\"https:\/\/www.k-triumf.cz\/pl\/wellness-i-relaks\/\"]}]},{\"@type\":\"BreadcrumbList\",\"@id\":\"https:\/\/www.k-triumf.cz\/pl\/wellness-i-relaks\/#breadcrumb\",\"itemListElement\":[{\"@type\":\"ListItem\",\"position\":1,\"name\":\"Strona g\u0142\u00f3wna\",\"item\":\"https:\/\/www.k-triumf.cz\/pl\/\"},{\"@type\":\"ListItem\",\"position\":2,\"name\":\"Wellness i relaks\"}]},{\"@type\":\"WebSite\",\"@id\":\"https:\/\/www.k-triumf.cz\/pl\/#website\",\"url\":\"https:\/\/www.k-triumf.cz\/pl\/\",\"name\":\"K-Triumf Hotel\",\"description\":\"\",\"potentialAction\":[{\"@type\":\"SearchAction\",\"target\":{\"@type\":\"EntryPoint\",\"urlTemplate\":\"https:\/\/www.k-triumf.cz\/pl\/?s={search_term_string}\"},\"query-input\":{\"@type\":\"PropertyValueSpecification\",\"valueRequired\":true,\"valueName\":\"search_term_string\"}}],\"inLanguage\":\"pl-PL\"}]}<\/script>\n<!-- \/ Yoast SEO plugin. -->","yoast_head_json":{"title":"Wellness i relaks - K-Triumf Hotel","description":"Zapraszamy do hotelowej strefy wellness z przeszklonym tarasem i widokiem na zagrod\u0119 z dzik\u0105 zwierzyn\u0105. Nasz wellness oferuje go\u015bciom dwa jacuzzi, sauna parowa, prysznice wra\u017ce\u0144 oraz strefa relaksu","robots":{"index":"index","follow":"follow","max-snippet":"max-snippet:-1","max-image-preview":"max-image-preview:large","max-video-preview":"max-video-preview:-1"},"canonical":"https:\/\/www.k-triumf.cz\/pl\/wellness-i-relaks\/","og_locale":"pl_PL","og_type":"article","og_title":"Wellness i relaks - K-Triumf Hotel","og_description":"Zapraszamy do hotelowej strefy wellness z przeszklonym tarasem i widokiem na zagrod\u0119 z dzik\u0105 zwierzyn\u0105. Nasz wellness oferuje go\u015bciom dwa jacuzzi, sauna parowa, prysznice wra\u017ce\u0144 oraz strefa relaksu","og_url":"https:\/\/www.k-triumf.cz\/pl\/wellness-i-relaks\/","og_site_name":"K-Triumf Hotel","article_modified_time":"2026-02-05T13:49:36+00:00","twitter_card":"summary_large_image","twitter_misc":{"Est. reading time":"1 minuta"},"schema":{"@context":"https:\/\/schema.org","@graph":[{"@type":"WebPage","@id":"https:\/\/www.k-triumf.cz\/pl\/wellness-i-relaks\/","url":"https:\/\/www.k-triumf.cz\/pl\/wellness-i-relaks\/","name":"Wellness i relaks - K-Triumf Hotel","isPartOf":{"@id":"https:\/\/www.k-triumf.cz\/pl\/#website"},"datePublished":"2025-12-22T14:03:48+00:00","dateModified":"2026-02-05T13:49:36+00:00","description":"Zapraszamy do hotelowej strefy wellness z przeszklonym tarasem i widokiem na zagrod\u0119 z dzik\u0105 zwierzyn\u0105. Nasz wellness oferuje go\u015bciom dwa jacuzzi, sauna parowa, prysznice wra\u017ce\u0144 oraz strefa relaksu","breadcrumb":{"@id":"https:\/\/www.k-triumf.cz\/pl\/wellness-i-relaks\/#breadcrumb"},"inLanguage":"pl-PL","potentialAction":[{"@type":"ReadAction","target":["https:\/\/www.k-triumf.cz\/pl\/wellness-i-relaks\/"]}]},{"@type":"BreadcrumbList","@id":"https:\/\/www.k-triumf.cz\/pl\/wellness-i-relaks\/#breadcrumb","itemListElement":[{"@type":"ListItem","position":1,"name":"Strona g\u0142\u00f3wna","item":"https:\/\/www.k-triumf.cz\/pl\/"},{"@type":"ListItem","position":2,"name":"Wellness i relaks"}]},{"@type":"WebSite","@id":"https:\/\/www.k-triumf.cz\/pl\/#website","url":"https:\/\/www.k-triumf.cz\/pl\/","name":"K-Triumf Hotel","description":"","potentialAction":[{"@type":"SearchAction","target":{"@type":"EntryPoint","urlTemplate":"https:\/\/www.k-triumf.cz\/pl\/?s={search_term_string}"},"query-input":{"@type":"PropertyValueSpecification","valueRequired":true,"valueName":"search_term_string"}}],"inLanguage":"pl-PL"}]}},"acf":[],"_links":{"self":[{"href":"https:\/\/www.k-triumf.cz\/pl\/wp-json\/wp\/v2\/pages\/515","targetHints":{"allow":["GET"]}}],"collection":[{"href":"https:\/\/www.k-triumf.cz\/pl\/wp-json\/wp\/v2\/pages"}],"about":[{"href":"https:\/\/www.k-triumf.cz\/pl\/wp-json\/wp\/v2\/types\/page"}],"author":[{"embeddable":true,"href":"https:\/\/www.k-triumf.cz\/pl\/wp-json\/wp\/v2\/users\/13"}],"replies":[{"embeddable":true,"href":"https:\/\/www.k-triumf.cz\/pl\/wp-json\/wp\/v2\/comments?post=515"}],"version-history":[{"count":0,"href":"https:\/\/www.k-triumf.cz\/pl\/wp-json\/wp\/v2\/pages\/515\/revisions"}],"wp:attachment":[{"href":"https:\/\/www.k-triumf.cz\/pl\/wp-json\/wp\/v2\/media?parent=515"}],"curies":[{"name":"wp","href":"https:\/\/api.w.org\/{rel}","templated":true}]}}