{"id":506,"date":"2025-12-22T13:27:45","date_gmt":"2025-12-22T13:27:45","guid":{"rendered":"https:\/\/k-triumf.ms3.decms.eu\/nabidka-pokoju\/suite-deluxe-apartman-deluxe\/"},"modified":"2026-03-05T10:16:43","modified_gmt":"2026-03-05T10:16:43","slug":"suite-deluxe-apartman-deluxe","status":"publish","type":"page","link":"https:\/\/www.k-triumf.cz\/pl\/nabidka-pokoju\/suite-deluxe-apartman-deluxe\/","title":{"rendered":"Suite DeLuxe \/ Apartman DeLuxe"},"content":{"rendered":"<p style=\"text-align: center;\">Przestronne apartamenty z du\u017cym balkonem i pi\u0119knym widokiem na zagrod\u0119 ze zwierzyn\u0105 s\u0105 idealnym wyborem dla rodzin, na d\u0142u\u017csze pobyty oraz dla go\u015bci ceni\u0105cych maksymalny komfort.<\/p>\n<p style=\"text-align: center;\">Apartament sk\u0142ada si\u0119 z dw\u00f3ch oddzielnych pomieszcze\u0144 \u2013 sypialni z \u0142\u00f3\u017ckiem ma\u0142\u017ce\u0144skim oraz salonu z rozk\u0142adan\u0105 sof\u0105. Apartament naro\u017cny oferuje dodatkowo dwa \u0142\u00f3\u017cka dwuosobowe, a w jednej z sypialni znajduje si\u0119 sofa. Standardowe wyposa\u017cenie obejmuje klimatyzacj\u0119, telewizor, Wi-Fi, sejf, \u0142azienk\u0119 z wann\u0105 oraz lod\u00f3wk\u0119.<\/p>\n<p>&nbsp;<\/p>\n","protected":false},"excerpt":{"rendered":"<p>Przestronne apartamenty z du\u017cym balkonem i pi\u0119knym widokiem na zagrod\u0119 ze zwierzyn\u0105 s\u0105 idealnym wyborem dla rodzin, na d\u0142u\u017csze pobyty oraz dla go\u015bci ceni\u0105cych maksymalny komfort. Apartament sk\u0142ada si\u0119 z dw\u00f3ch oddzielnych pomieszcze\u0144 \u2013 sypialni z \u0142\u00f3\u017ckiem ma\u0142\u017ce\u0144skim oraz salonu z rozk\u0142adan\u0105 sof\u0105. Apartament naro\u017cny oferuje dodatkowo dwa \u0142\u00f3\u017cka dwuosobowe, a w jednej z sypialni [&hellip;]<\/p>\n","protected":false},"author":13,"featured_media":0,"parent":494,"menu_order":0,"comment_status":"closed","ping_status":"closed","template":"template-single-room.php","meta":{"footnotes":""},"class_list":["post-506","page","type-page","status-publish","hentry"],"yoast_head":"<!-- This site is optimized with the Yoast SEO plugin v26.9 - https:\/\/yoast.com\/product\/yoast-seo-wordpress\/ -->\n<title>Suite DeLuxe \/ Apartman DeLuxe - K-Triumf Hotel<\/title>\n<meta name=\"description\" content=\"Przestronne apartamenty z du\u017cym balkonem i pi\u0119knym widokiem na zagrod\u0119 ze zwierzyn\u0105 s\u0105 idealnym wyborem dla rodzin, na d\u0142u\u017csze pobyty oraz dla go\u015bci ceni\u0105cych maksymalny komfort. Apartament sk\u0142ada si\u0119 z dw\u00f3ch oddzielnych pomieszcze\u0144 \u2013 sypialni z \u0142\u00f3\u017ckiem ma\u0142\u017ce\u0144skim oraz salonu z rozk\u0142adan\u0105 sof\u0105. Apartament naro\u017cny oferuje dodatkowo dwa \u0142\u00f3\u017cka dwuosobowe, a w jednej z sypialni znajduje si\u0119 sofa\" \/>\n<meta name=\"robots\" content=\"index, follow, max-snippet:-1, max-image-preview:large, max-video-preview:-1\" \/>\n<link rel=\"canonical\" href=\"https:\/\/www.k-triumf.cz\/pl\/nabidka-pokoju\/suite-deluxe-apartman-deluxe\/\" \/>\n<meta property=\"og:locale\" content=\"pl_PL\" \/>\n<meta property=\"og:type\" content=\"article\" \/>\n<meta property=\"og:title\" content=\"Suite DeLuxe \/ Apartman DeLuxe - K-Triumf Hotel\" \/>\n<meta property=\"og:description\" content=\"Przestronne apartamenty z du\u017cym balkonem i pi\u0119knym widokiem na zagrod\u0119 ze zwierzyn\u0105 s\u0105 idealnym wyborem dla rodzin, na d\u0142u\u017csze pobyty oraz dla go\u015bci ceni\u0105cych maksymalny komfort. Apartament sk\u0142ada si\u0119 z dw\u00f3ch oddzielnych pomieszcze\u0144 \u2013 sypialni z \u0142\u00f3\u017ckiem ma\u0142\u017ce\u0144skim oraz salonu z rozk\u0142adan\u0105 sof\u0105. Apartament naro\u017cny oferuje dodatkowo dwa \u0142\u00f3\u017cka dwuosobowe, a w jednej z sypialni znajduje si\u0119 sofa\" \/>\n<meta property=\"og:url\" content=\"https:\/\/www.k-triumf.cz\/pl\/nabidka-pokoju\/suite-deluxe-apartman-deluxe\/\" \/>\n<meta property=\"og:site_name\" content=\"K-Triumf Hotel\" \/>\n<meta property=\"article:modified_time\" content=\"2026-03-05T10:16:43+00:00\" \/>\n<meta name=\"twitter:card\" content=\"summary_large_image\" \/>\n<meta name=\"twitter:label1\" content=\"Est. reading time\" \/>\n\t<meta name=\"twitter:data1\" content=\"1 minuta\" \/>\n<script type=\"application\/ld+json\" class=\"yoast-schema-graph\">{\"@context\":\"https:\/\/schema.org\",\"@graph\":[{\"@type\":\"WebPage\",\"@id\":\"https:\/\/www.k-triumf.cz\/pl\/nabidka-pokoju\/suite-deluxe-apartman-deluxe\/\",\"url\":\"https:\/\/www.k-triumf.cz\/pl\/nabidka-pokoju\/suite-deluxe-apartman-deluxe\/\",\"name\":\"Suite DeLuxe \/ Apartman DeLuxe - K-Triumf Hotel\",\"isPartOf\":{\"@id\":\"https:\/\/www.k-triumf.cz\/pl\/#website\"},\"datePublished\":\"2025-12-22T13:27:45+00:00\",\"dateModified\":\"2026-03-05T10:16:43+00:00\",\"description\":\"Przestronne apartamenty z du\u017cym balkonem i pi\u0119knym widokiem na zagrod\u0119 ze zwierzyn\u0105 s\u0105 idealnym wyborem dla rodzin, na d\u0142u\u017csze pobyty oraz dla go\u015bci ceni\u0105cych maksymalny komfort. Apartament sk\u0142ada si\u0119 z dw\u00f3ch oddzielnych pomieszcze\u0144 \u2013 sypialni z \u0142\u00f3\u017ckiem ma\u0142\u017ce\u0144skim oraz salonu z rozk\u0142adan\u0105 sof\u0105. Apartament naro\u017cny oferuje dodatkowo dwa \u0142\u00f3\u017cka dwuosobowe, a w jednej z sypialni znajduje si\u0119 sofa\",\"breadcrumb\":{\"@id\":\"https:\/\/www.k-triumf.cz\/pl\/nabidka-pokoju\/suite-deluxe-apartman-deluxe\/#breadcrumb\"},\"inLanguage\":\"pl-PL\",\"potentialAction\":[{\"@type\":\"ReadAction\",\"target\":[\"https:\/\/www.k-triumf.cz\/pl\/nabidka-pokoju\/suite-deluxe-apartman-deluxe\/\"]}]},{\"@type\":\"BreadcrumbList\",\"@id\":\"https:\/\/www.k-triumf.cz\/pl\/nabidka-pokoju\/suite-deluxe-apartman-deluxe\/#breadcrumb\",\"itemListElement\":[{\"@type\":\"ListItem\",\"position\":1,\"name\":\"Strona g\u0142\u00f3wna\",\"item\":\"https:\/\/www.k-triumf.cz\/pl\/\"},{\"@type\":\"ListItem\",\"position\":2,\"name\":\"Pokoje\",\"item\":\"https:\/\/www.k-triumf.cz\/pl\/nabidka-pokoju\/\"},{\"@type\":\"ListItem\",\"position\":3,\"name\":\"Suite DeLuxe \/ Apartman DeLuxe\"}]},{\"@type\":\"WebSite\",\"@id\":\"https:\/\/www.k-triumf.cz\/pl\/#website\",\"url\":\"https:\/\/www.k-triumf.cz\/pl\/\",\"name\":\"K-Triumf Hotel\",\"description\":\"\",\"potentialAction\":[{\"@type\":\"SearchAction\",\"target\":{\"@type\":\"EntryPoint\",\"urlTemplate\":\"https:\/\/www.k-triumf.cz\/pl\/?s={search_term_string}\"},\"query-input\":{\"@type\":\"PropertyValueSpecification\",\"valueRequired\":true,\"valueName\":\"search_term_string\"}}],\"inLanguage\":\"pl-PL\"}]}<\/script>\n<!-- \/ Yoast SEO plugin. -->","yoast_head_json":{"title":"Suite DeLuxe \/ Apartman DeLuxe - K-Triumf Hotel","description":"Przestronne apartamenty z du\u017cym balkonem i pi\u0119knym widokiem na zagrod\u0119 ze zwierzyn\u0105 s\u0105 idealnym wyborem dla rodzin, na d\u0142u\u017csze pobyty oraz dla go\u015bci ceni\u0105cych maksymalny komfort. Apartament sk\u0142ada si\u0119 z dw\u00f3ch oddzielnych pomieszcze\u0144 \u2013 sypialni z \u0142\u00f3\u017ckiem ma\u0142\u017ce\u0144skim oraz salonu z rozk\u0142adan\u0105 sof\u0105. Apartament naro\u017cny oferuje dodatkowo dwa \u0142\u00f3\u017cka dwuosobowe, a w jednej z sypialni znajduje si\u0119 sofa","robots":{"index":"index","follow":"follow","max-snippet":"max-snippet:-1","max-image-preview":"max-image-preview:large","max-video-preview":"max-video-preview:-1"},"canonical":"https:\/\/www.k-triumf.cz\/pl\/nabidka-pokoju\/suite-deluxe-apartman-deluxe\/","og_locale":"pl_PL","og_type":"article","og_title":"Suite DeLuxe \/ Apartman DeLuxe - K-Triumf Hotel","og_description":"Przestronne apartamenty z du\u017cym balkonem i pi\u0119knym widokiem na zagrod\u0119 ze zwierzyn\u0105 s\u0105 idealnym wyborem dla rodzin, na d\u0142u\u017csze pobyty oraz dla go\u015bci ceni\u0105cych maksymalny komfort. Apartament sk\u0142ada si\u0119 z dw\u00f3ch oddzielnych pomieszcze\u0144 \u2013 sypialni z \u0142\u00f3\u017ckiem ma\u0142\u017ce\u0144skim oraz salonu z rozk\u0142adan\u0105 sof\u0105. Apartament naro\u017cny oferuje dodatkowo dwa \u0142\u00f3\u017cka dwuosobowe, a w jednej z sypialni znajduje si\u0119 sofa","og_url":"https:\/\/www.k-triumf.cz\/pl\/nabidka-pokoju\/suite-deluxe-apartman-deluxe\/","og_site_name":"K-Triumf Hotel","article_modified_time":"2026-03-05T10:16:43+00:00","twitter_card":"summary_large_image","twitter_misc":{"Est. reading time":"1 minuta"},"schema":{"@context":"https:\/\/schema.org","@graph":[{"@type":"WebPage","@id":"https:\/\/www.k-triumf.cz\/pl\/nabidka-pokoju\/suite-deluxe-apartman-deluxe\/","url":"https:\/\/www.k-triumf.cz\/pl\/nabidka-pokoju\/suite-deluxe-apartman-deluxe\/","name":"Suite DeLuxe \/ Apartman DeLuxe - K-Triumf Hotel","isPartOf":{"@id":"https:\/\/www.k-triumf.cz\/pl\/#website"},"datePublished":"2025-12-22T13:27:45+00:00","dateModified":"2026-03-05T10:16:43+00:00","description":"Przestronne apartamenty z du\u017cym balkonem i pi\u0119knym widokiem na zagrod\u0119 ze zwierzyn\u0105 s\u0105 idealnym wyborem dla rodzin, na d\u0142u\u017csze pobyty oraz dla go\u015bci ceni\u0105cych maksymalny komfort. Apartament sk\u0142ada si\u0119 z dw\u00f3ch oddzielnych pomieszcze\u0144 \u2013 sypialni z \u0142\u00f3\u017ckiem ma\u0142\u017ce\u0144skim oraz salonu z rozk\u0142adan\u0105 sof\u0105. Apartament naro\u017cny oferuje dodatkowo dwa \u0142\u00f3\u017cka dwuosobowe, a w jednej z sypialni znajduje si\u0119 sofa","breadcrumb":{"@id":"https:\/\/www.k-triumf.cz\/pl\/nabidka-pokoju\/suite-deluxe-apartman-deluxe\/#breadcrumb"},"inLanguage":"pl-PL","potentialAction":[{"@type":"ReadAction","target":["https:\/\/www.k-triumf.cz\/pl\/nabidka-pokoju\/suite-deluxe-apartman-deluxe\/"]}]},{"@type":"BreadcrumbList","@id":"https:\/\/www.k-triumf.cz\/pl\/nabidka-pokoju\/suite-deluxe-apartman-deluxe\/#breadcrumb","itemListElement":[{"@type":"ListItem","position":1,"name":"Strona g\u0142\u00f3wna","item":"https:\/\/www.k-triumf.cz\/pl\/"},{"@type":"ListItem","position":2,"name":"Pokoje","item":"https:\/\/www.k-triumf.cz\/pl\/nabidka-pokoju\/"},{"@type":"ListItem","position":3,"name":"Suite DeLuxe \/ Apartman DeLuxe"}]},{"@type":"WebSite","@id":"https:\/\/www.k-triumf.cz\/pl\/#website","url":"https:\/\/www.k-triumf.cz\/pl\/","name":"K-Triumf Hotel","description":"","potentialAction":[{"@type":"SearchAction","target":{"@type":"EntryPoint","urlTemplate":"https:\/\/www.k-triumf.cz\/pl\/?s={search_term_string}"},"query-input":{"@type":"PropertyValueSpecification","valueRequired":true,"valueName":"search_term_string"}}],"inLanguage":"pl-PL"}]}},"acf":[],"_links":{"self":[{"href":"https:\/\/www.k-triumf.cz\/pl\/wp-json\/wp\/v2\/pages\/506","targetHints":{"allow":["GET"]}}],"collection":[{"href":"https:\/\/www.k-triumf.cz\/pl\/wp-json\/wp\/v2\/pages"}],"about":[{"href":"https:\/\/www.k-triumf.cz\/pl\/wp-json\/wp\/v2\/types\/page"}],"author":[{"embeddable":true,"href":"https:\/\/www.k-triumf.cz\/pl\/wp-json\/wp\/v2\/users\/13"}],"replies":[{"embeddable":true,"href":"https:\/\/www.k-triumf.cz\/pl\/wp-json\/wp\/v2\/comments?post=506"}],"version-history":[{"count":0,"href":"https:\/\/www.k-triumf.cz\/pl\/wp-json\/wp\/v2\/pages\/506\/revisions"}],"up":[{"embeddable":true,"href":"https:\/\/www.k-triumf.cz\/pl\/wp-json\/wp\/v2\/pages\/494"}],"wp:attachment":[{"href":"https:\/\/www.k-triumf.cz\/pl\/wp-json\/wp\/v2\/media?parent=506"}],"curies":[{"name":"wp","href":"https:\/\/api.w.org\/{rel}","templated":true}]}}