{"id":494,"date":"2025-12-22T13:15:22","date_gmt":"2025-12-22T13:15:22","guid":{"rendered":"https:\/\/k-triumf.ms3.decms.eu\/nabidka-pokoju\/"},"modified":"2026-02-05T13:22:04","modified_gmt":"2026-02-05T13:22:04","slug":"nabidka-pokoju","status":"publish","type":"page","link":"https:\/\/www.k-triumf.cz\/pl\/nabidka-pokoju\/","title":{"rendered":"Pokoje"},"content":{"rendered":"<p style=\"text-align: center;\">Resort K-Triumf oferuje pi\u0119\u0107 kategorii komfortowo urz\u0105dzonych pokoi i apartament\u00f3w, zapewniaj\u0105cych nocleg dla maksymalnie 119 go\u015bci w 49 pokojach. Ka\u017cdy pok\u00f3j zosta\u0142 zaprojektowany z my\u015bl\u0105 o wygodzie i stylu, a wi\u0119kszo\u015b\u0107 z nich oferuje pi\u0119kny widok na zagrod\u0119 z dzik\u0105 zwierzyn\u0105. Nowocze\u015bniejsze pokoje i apartamenty DeLuxe wyposa\u017cone s\u0105 w klimatyzacj\u0119, lod\u00f3wk\u0119 oraz telewizor, a cz\u0119sto tak\u017ce w balkon, z kt\u00f3rego mo\u017cna podziwia\u0107 wyj\u0105tkow\u0105 atmosfer\u0119 okolicy.<\/p>\n<p>&nbsp;<\/p>\n","protected":false},"excerpt":{"rendered":"<p>Resort K-Triumf oferuje pi\u0119\u0107 kategorii komfortowo urz\u0105dzonych pokoi i apartament\u00f3w, zapewniaj\u0105cych nocleg dla maksymalnie 119 go\u015bci w 49 pokojach. Ka\u017cdy pok\u00f3j zosta\u0142 zaprojektowany z my\u015bl\u0105 o wygodzie i stylu, a wi\u0119kszo\u015b\u0107 z nich oferuje pi\u0119kny widok na zagrod\u0119 z dzik\u0105 zwierzyn\u0105. Nowocze\u015bniejsze pokoje i apartamenty DeLuxe wyposa\u017cone s\u0105 w klimatyzacj\u0119, lod\u00f3wk\u0119 oraz telewizor, a cz\u0119sto [&hellip;]<\/p>\n","protected":false},"author":13,"featured_media":0,"parent":0,"menu_order":20,"comment_status":"closed","ping_status":"closed","template":"template-rooms.php","meta":{"footnotes":""},"class_list":["post-494","page","type-page","status-publish","hentry"],"yoast_head":"<!-- This site is optimized with the Yoast SEO plugin v26.9 - https:\/\/yoast.com\/product\/yoast-seo-wordpress\/ -->\n<title>Pokoje - K-Triumf Hotel<\/title>\n<meta name=\"description\" content=\"Resort K-Triumf oferuje pi\u0119\u0107 kategorii komfortowo urz\u0105dzonych pokoi i apartament\u00f3w, zapewniaj\u0105cych nocleg dla maksymalnie 119 go\u015bci w 49 pokojach. Ka\u017cdy pok\u00f3j zosta\u0142 zaprojektowany z my\u015bl\u0105 o wygodzie i stylu, a wi\u0119kszo\u015b\u0107 z nich oferuje pi\u0119kny widok na zagrod\u0119 z dzik\u0105 zwierzyn\u0105\" \/>\n<meta name=\"robots\" content=\"index, follow, max-snippet:-1, max-image-preview:large, max-video-preview:-1\" \/>\n<link rel=\"canonical\" href=\"https:\/\/www.k-triumf.cz\/pl\/nabidka-pokoju\/\" \/>\n<meta property=\"og:locale\" content=\"pl_PL\" \/>\n<meta property=\"og:type\" content=\"article\" \/>\n<meta property=\"og:title\" content=\"Pokoje - K-Triumf Hotel\" \/>\n<meta property=\"og:description\" content=\"Resort K-Triumf oferuje pi\u0119\u0107 kategorii komfortowo urz\u0105dzonych pokoi i apartament\u00f3w, zapewniaj\u0105cych nocleg dla maksymalnie 119 go\u015bci w 49 pokojach. Ka\u017cdy pok\u00f3j zosta\u0142 zaprojektowany z my\u015bl\u0105 o wygodzie i stylu, a wi\u0119kszo\u015b\u0107 z nich oferuje pi\u0119kny widok na zagrod\u0119 z dzik\u0105 zwierzyn\u0105\" \/>\n<meta property=\"og:url\" content=\"https:\/\/www.k-triumf.cz\/pl\/nabidka-pokoju\/\" \/>\n<meta property=\"og:site_name\" content=\"K-Triumf Hotel\" \/>\n<meta property=\"article:modified_time\" content=\"2026-02-05T13:22:04+00:00\" \/>\n<meta name=\"twitter:card\" content=\"summary_large_image\" \/>\n<meta name=\"twitter:label1\" content=\"Est. reading time\" \/>\n\t<meta name=\"twitter:data1\" content=\"1 minuta\" \/>\n<script type=\"application\/ld+json\" class=\"yoast-schema-graph\">{\"@context\":\"https:\/\/schema.org\",\"@graph\":[{\"@type\":\"WebPage\",\"@id\":\"https:\/\/www.k-triumf.cz\/pl\/nabidka-pokoju\/\",\"url\":\"https:\/\/www.k-triumf.cz\/pl\/nabidka-pokoju\/\",\"name\":\"Pokoje - K-Triumf Hotel\",\"isPartOf\":{\"@id\":\"https:\/\/www.k-triumf.cz\/pl\/#website\"},\"datePublished\":\"2025-12-22T13:15:22+00:00\",\"dateModified\":\"2026-02-05T13:22:04+00:00\",\"description\":\"Resort K-Triumf oferuje pi\u0119\u0107 kategorii komfortowo urz\u0105dzonych pokoi i apartament\u00f3w, zapewniaj\u0105cych nocleg dla maksymalnie 119 go\u015bci w 49 pokojach. Ka\u017cdy pok\u00f3j zosta\u0142 zaprojektowany z my\u015bl\u0105 o wygodzie i stylu, a wi\u0119kszo\u015b\u0107 z nich oferuje pi\u0119kny widok na zagrod\u0119 z dzik\u0105 zwierzyn\u0105\",\"breadcrumb\":{\"@id\":\"https:\/\/www.k-triumf.cz\/pl\/nabidka-pokoju\/#breadcrumb\"},\"inLanguage\":\"pl-PL\",\"potentialAction\":[{\"@type\":\"ReadAction\",\"target\":[\"https:\/\/www.k-triumf.cz\/pl\/nabidka-pokoju\/\"]}]},{\"@type\":\"BreadcrumbList\",\"@id\":\"https:\/\/www.k-triumf.cz\/pl\/nabidka-pokoju\/#breadcrumb\",\"itemListElement\":[{\"@type\":\"ListItem\",\"position\":1,\"name\":\"Strona g\u0142\u00f3wna\",\"item\":\"https:\/\/www.k-triumf.cz\/pl\/\"},{\"@type\":\"ListItem\",\"position\":2,\"name\":\"Pokoje\"}]},{\"@type\":\"WebSite\",\"@id\":\"https:\/\/www.k-triumf.cz\/pl\/#website\",\"url\":\"https:\/\/www.k-triumf.cz\/pl\/\",\"name\":\"K-Triumf Hotel\",\"description\":\"\",\"potentialAction\":[{\"@type\":\"SearchAction\",\"target\":{\"@type\":\"EntryPoint\",\"urlTemplate\":\"https:\/\/www.k-triumf.cz\/pl\/?s={search_term_string}\"},\"query-input\":{\"@type\":\"PropertyValueSpecification\",\"valueRequired\":true,\"valueName\":\"search_term_string\"}}],\"inLanguage\":\"pl-PL\"}]}<\/script>\n<!-- \/ Yoast SEO plugin. -->","yoast_head_json":{"title":"Pokoje - K-Triumf Hotel","description":"Resort K-Triumf oferuje pi\u0119\u0107 kategorii komfortowo urz\u0105dzonych pokoi i apartament\u00f3w, zapewniaj\u0105cych nocleg dla maksymalnie 119 go\u015bci w 49 pokojach. Ka\u017cdy pok\u00f3j zosta\u0142 zaprojektowany z my\u015bl\u0105 o wygodzie i stylu, a wi\u0119kszo\u015b\u0107 z nich oferuje pi\u0119kny widok na zagrod\u0119 z dzik\u0105 zwierzyn\u0105","robots":{"index":"index","follow":"follow","max-snippet":"max-snippet:-1","max-image-preview":"max-image-preview:large","max-video-preview":"max-video-preview:-1"},"canonical":"https:\/\/www.k-triumf.cz\/pl\/nabidka-pokoju\/","og_locale":"pl_PL","og_type":"article","og_title":"Pokoje - K-Triumf Hotel","og_description":"Resort K-Triumf oferuje pi\u0119\u0107 kategorii komfortowo urz\u0105dzonych pokoi i apartament\u00f3w, zapewniaj\u0105cych nocleg dla maksymalnie 119 go\u015bci w 49 pokojach. Ka\u017cdy pok\u00f3j zosta\u0142 zaprojektowany z my\u015bl\u0105 o wygodzie i stylu, a wi\u0119kszo\u015b\u0107 z nich oferuje pi\u0119kny widok na zagrod\u0119 z dzik\u0105 zwierzyn\u0105","og_url":"https:\/\/www.k-triumf.cz\/pl\/nabidka-pokoju\/","og_site_name":"K-Triumf Hotel","article_modified_time":"2026-02-05T13:22:04+00:00","twitter_card":"summary_large_image","twitter_misc":{"Est. reading time":"1 minuta"},"schema":{"@context":"https:\/\/schema.org","@graph":[{"@type":"WebPage","@id":"https:\/\/www.k-triumf.cz\/pl\/nabidka-pokoju\/","url":"https:\/\/www.k-triumf.cz\/pl\/nabidka-pokoju\/","name":"Pokoje - K-Triumf Hotel","isPartOf":{"@id":"https:\/\/www.k-triumf.cz\/pl\/#website"},"datePublished":"2025-12-22T13:15:22+00:00","dateModified":"2026-02-05T13:22:04+00:00","description":"Resort K-Triumf oferuje pi\u0119\u0107 kategorii komfortowo urz\u0105dzonych pokoi i apartament\u00f3w, zapewniaj\u0105cych nocleg dla maksymalnie 119 go\u015bci w 49 pokojach. Ka\u017cdy pok\u00f3j zosta\u0142 zaprojektowany z my\u015bl\u0105 o wygodzie i stylu, a wi\u0119kszo\u015b\u0107 z nich oferuje pi\u0119kny widok na zagrod\u0119 z dzik\u0105 zwierzyn\u0105","breadcrumb":{"@id":"https:\/\/www.k-triumf.cz\/pl\/nabidka-pokoju\/#breadcrumb"},"inLanguage":"pl-PL","potentialAction":[{"@type":"ReadAction","target":["https:\/\/www.k-triumf.cz\/pl\/nabidka-pokoju\/"]}]},{"@type":"BreadcrumbList","@id":"https:\/\/www.k-triumf.cz\/pl\/nabidka-pokoju\/#breadcrumb","itemListElement":[{"@type":"ListItem","position":1,"name":"Strona g\u0142\u00f3wna","item":"https:\/\/www.k-triumf.cz\/pl\/"},{"@type":"ListItem","position":2,"name":"Pokoje"}]},{"@type":"WebSite","@id":"https:\/\/www.k-triumf.cz\/pl\/#website","url":"https:\/\/www.k-triumf.cz\/pl\/","name":"K-Triumf Hotel","description":"","potentialAction":[{"@type":"SearchAction","target":{"@type":"EntryPoint","urlTemplate":"https:\/\/www.k-triumf.cz\/pl\/?s={search_term_string}"},"query-input":{"@type":"PropertyValueSpecification","valueRequired":true,"valueName":"search_term_string"}}],"inLanguage":"pl-PL"}]}},"acf":[],"_links":{"self":[{"href":"https:\/\/www.k-triumf.cz\/pl\/wp-json\/wp\/v2\/pages\/494","targetHints":{"allow":["GET"]}}],"collection":[{"href":"https:\/\/www.k-triumf.cz\/pl\/wp-json\/wp\/v2\/pages"}],"about":[{"href":"https:\/\/www.k-triumf.cz\/pl\/wp-json\/wp\/v2\/types\/page"}],"author":[{"embeddable":true,"href":"https:\/\/www.k-triumf.cz\/pl\/wp-json\/wp\/v2\/users\/13"}],"replies":[{"embeddable":true,"href":"https:\/\/www.k-triumf.cz\/pl\/wp-json\/wp\/v2\/comments?post=494"}],"version-history":[{"count":0,"href":"https:\/\/www.k-triumf.cz\/pl\/wp-json\/wp\/v2\/pages\/494\/revisions"}],"wp:attachment":[{"href":"https:\/\/www.k-triumf.cz\/pl\/wp-json\/wp\/v2\/media?parent=494"}],"curies":[{"name":"wp","href":"https:\/\/api.w.org\/{rel}","templated":true}]}}