{"id":492,"date":"2025-12-22T09:53:09","date_gmt":"2025-12-22T09:53:09","guid":{"rendered":"https:\/\/k-triumf.ms3.decms.eu\/sample-page\/"},"modified":"2026-02-19T15:45:40","modified_gmt":"2026-02-19T15:45:40","slug":"sample-page","status":"publish","type":"page","link":"https:\/\/www.k-triumf.cz\/pl\/","title":{"rendered":"Resort K-Triumf, Velichovky"},"content":{"rendered":"<h2>Modern\u00ed wellness hotel, kde si ka\u017ed\u00fd najde to sv\u00e9<\/h2>\n<ul>\n<li style=\"text-align: left;\">49 pokoi w 5 kategoriach<\/li>\n<li style=\"text-align: left;\">Strefa wellness z dwoma jacuzzi i saun\u0105 parow\u0105<\/li>\n<li style=\"text-align: left;\">Sauna fi\u0144ska i masa\u017ce<\/li>\n<li style=\"text-align: left;\">Sezonowy basen zewn\u0119trzny<\/li>\n<li style=\"text-align: left;\">Zaplecze konferencyjne dla maks. 324 os\u00f3b<\/li>\n<li style=\"text-align: left;\">Restauracja oparta na lokalnych produktach i mi\u0119sie z w\u0142asnej hodowli<\/li>\n<li style=\"text-align: left;\">Widoki na zagrod\u0119 z dzik\u0105 zwierzyn\u0105<\/li>\n<li style=\"text-align: left;\">Aktywno\u015bci sportowe: tenis (korty wewn\u0119trzne i zewn\u0119trzne), squash, bowling, DiscGolf, kr\u0119gle, siatk\u00f3wka pla\u017cowa, si\u0142ownia, rzutki, tenis, sto\u0142owy, bilard<\/li>\n<li style=\"text-align: left;\">Sala zabaw, k\u0105cik dla dzieci i plac zabaw na zewn\u0105trz<\/li>\n<li style=\"text-align: left;\">Stacje \u0142adowania samochod\u00f3w i rower\u00f3w elektrycznych<\/li>\n<\/ul>\n","protected":false},"excerpt":{"rendered":"<p>Modern\u00ed wellness hotel, kde si ka\u017ed\u00fd najde to sv\u00e9 49 pokoi w 5 kategoriach Strefa wellness z dwoma jacuzzi i saun\u0105 parow\u0105 Sauna fi\u0144ska i masa\u017ce Sezonowy basen zewn\u0119trzny Zaplecze konferencyjne dla maks. 324 os\u00f3b Restauracja oparta na lokalnych produktach i mi\u0119sie z w\u0142asnej hodowli Widoki na zagrod\u0119 z dzik\u0105 zwierzyn\u0105 Aktywno\u015bci sportowe: tenis (korty [&hellip;]<\/p>\n","protected":false},"author":13,"featured_media":0,"parent":0,"menu_order":0,"comment_status":"closed","ping_status":"closed","template":"","meta":{"footnotes":""},"class_list":["post-492","page","type-page","status-publish","hentry"],"yoast_head":"<!-- This site is optimized with the Yoast SEO plugin v26.9 - https:\/\/yoast.com\/product\/yoast-seo-wordpress\/ -->\n<title>Resort K-Triumf, Velichovky - K-Triumf Hotel<\/title>\n<meta name=\"description\" content=\"Modern\u00ed wellness hotel, kde si ka\u017ed\u00fd najde to sv\u00e9   49 pokoi w 5 kategoriach  Strefa wellness z dwoma jacuzzi i saun\u0105 parow\u0105  Sauna fi\u0144ska i masa\u017ce  Sezonowy basen zewn\u0119trzny  Zaplecze konferencyjne dla maks. 324 os\u00f3b  Restauracja oparta na lokalnych produktach i mi\u0119sie z w\u0142asnej hodowli  Widoki na zagrod\u0119 z dzik\u0105 zwierzyn\u0105  Aktywno\u015bci sportowe: tenis (korty wewn\u0119trzne i zewn\u0119trzne), squash, bowling, DiscGolf, kr\u0119gle, siatk\u00f3wka pla\u017cowa, si\u0142ownia, rzutki, tenis, sto\u0142owy, bilard  Sala zabaw, k\u0105cik dla dzieci i plac zabaw na zewn\u0105trz  Stacje \u0142adowania samochod\u00f3w i rower\u00f3w elektrycznych\" \/>\n<meta name=\"robots\" content=\"index, follow, max-snippet:-1, max-image-preview:large, max-video-preview:-1\" \/>\n<link rel=\"canonical\" href=\"https:\/\/www.k-triumf.cz\/pl\/\" \/>\n<meta property=\"og:locale\" content=\"pl_PL\" \/>\n<meta property=\"og:type\" content=\"article\" \/>\n<meta property=\"og:title\" content=\"Resort K-Triumf, Velichovky - K-Triumf Hotel\" \/>\n<meta property=\"og:description\" content=\"Modern\u00ed wellness hotel, kde si ka\u017ed\u00fd najde to sv\u00e9   49 pokoi w 5 kategoriach  Strefa wellness z dwoma jacuzzi i saun\u0105 parow\u0105  Sauna fi\u0144ska i masa\u017ce  Sezonowy basen zewn\u0119trzny  Zaplecze konferencyjne dla maks. 324 os\u00f3b  Restauracja oparta na lokalnych produktach i mi\u0119sie z w\u0142asnej hodowli  Widoki na zagrod\u0119 z dzik\u0105 zwierzyn\u0105  Aktywno\u015bci sportowe: tenis (korty wewn\u0119trzne i zewn\u0119trzne), squash, bowling, DiscGolf, kr\u0119gle, siatk\u00f3wka pla\u017cowa, si\u0142ownia, rzutki, tenis, sto\u0142owy, bilard  Sala zabaw, k\u0105cik dla dzieci i plac zabaw na zewn\u0105trz  Stacje \u0142adowania samochod\u00f3w i rower\u00f3w elektrycznych\" \/>\n<meta property=\"og:url\" content=\"https:\/\/www.k-triumf.cz\/pl\/\" \/>\n<meta property=\"og:site_name\" content=\"K-Triumf Hotel\" \/>\n<meta property=\"article:modified_time\" content=\"2026-02-19T15:45:40+00:00\" \/>\n<meta name=\"twitter:card\" content=\"summary_large_image\" \/>\n<meta name=\"twitter:label1\" content=\"Est. reading time\" \/>\n\t<meta name=\"twitter:data1\" content=\"1 minuta\" \/>\n<script type=\"application\/ld+json\" class=\"yoast-schema-graph\">{\"@context\":\"https:\/\/schema.org\",\"@graph\":[{\"@type\":\"WebPage\",\"@id\":\"https:\/\/www.k-triumf.cz\/pl\/\",\"url\":\"https:\/\/www.k-triumf.cz\/pl\/\",\"name\":\"Resort K-Triumf, Velichovky - K-Triumf Hotel\",\"isPartOf\":{\"@id\":\"https:\/\/www.k-triumf.cz\/pl\/#website\"},\"datePublished\":\"2025-12-22T09:53:09+00:00\",\"dateModified\":\"2026-02-19T15:45:40+00:00\",\"description\":\"Modern\u00ed wellness hotel, kde si ka\u017ed\u00fd najde to sv\u00e9 \u2022 49 pokoi w 5 kategoriach \u2022 Strefa wellness z dwoma jacuzzi i saun\u0105 parow\u0105 \u2022 Sauna fi\u0144ska i masa\u017ce \u2022 Sezonowy basen zewn\u0119trzny \u2022 Zaplecze konferencyjne dla maks. 324 os\u00f3b \u2022 Restauracja oparta na lokalnych produktach i mi\u0119sie z w\u0142asnej hodowli \u2022 Widoki na zagrod\u0119 z dzik\u0105 zwierzyn\u0105 \u2022 Aktywno\u015bci sportowe: tenis (korty wewn\u0119trzne i zewn\u0119trzne), squash, bowling, DiscGolf, kr\u0119gle, siatk\u00f3wka pla\u017cowa, si\u0142ownia, rzutki, tenis, sto\u0142owy, bilard \u2022 Sala zabaw, k\u0105cik dla dzieci i plac zabaw na zewn\u0105trz \u2022 Stacje \u0142adowania samochod\u00f3w i rower\u00f3w elektrycznych\",\"breadcrumb\":{\"@id\":\"https:\/\/www.k-triumf.cz\/pl\/#breadcrumb\"},\"inLanguage\":\"pl-PL\",\"potentialAction\":[{\"@type\":\"ReadAction\",\"target\":[\"https:\/\/www.k-triumf.cz\/pl\/\"]}]},{\"@type\":\"BreadcrumbList\",\"@id\":\"https:\/\/www.k-triumf.cz\/pl\/#breadcrumb\",\"itemListElement\":[{\"@type\":\"ListItem\",\"position\":1,\"name\":\"Strona g\u0142\u00f3wna\",\"item\":\"https:\/\/www.k-triumf.cz\/pl\/\"},{\"@type\":\"ListItem\",\"position\":2,\"name\":\"Resort K-Triumf, Velichovky\"}]},{\"@type\":\"WebSite\",\"@id\":\"https:\/\/www.k-triumf.cz\/pl\/#website\",\"url\":\"https:\/\/www.k-triumf.cz\/pl\/\",\"name\":\"K-Triumf Hotel\",\"description\":\"\",\"potentialAction\":[{\"@type\":\"SearchAction\",\"target\":{\"@type\":\"EntryPoint\",\"urlTemplate\":\"https:\/\/www.k-triumf.cz\/pl\/?s={search_term_string}\"},\"query-input\":{\"@type\":\"PropertyValueSpecification\",\"valueRequired\":true,\"valueName\":\"search_term_string\"}}],\"inLanguage\":\"pl-PL\"}]}<\/script>\n<!-- \/ Yoast SEO plugin. -->","yoast_head_json":{"title":"Resort K-Triumf, Velichovky - K-Triumf Hotel","description":"Modern\u00ed wellness hotel, kde si ka\u017ed\u00fd najde to sv\u00e9   49 pokoi w 5 kategoriach  Strefa wellness z dwoma jacuzzi i saun\u0105 parow\u0105  Sauna fi\u0144ska i masa\u017ce  Sezonowy basen zewn\u0119trzny  Zaplecze konferencyjne dla maks. 324 os\u00f3b  Restauracja oparta na lokalnych produktach i mi\u0119sie z w\u0142asnej hodowli  Widoki na zagrod\u0119 z dzik\u0105 zwierzyn\u0105  Aktywno\u015bci sportowe: tenis (korty wewn\u0119trzne i zewn\u0119trzne), squash, bowling, DiscGolf, kr\u0119gle, siatk\u00f3wka pla\u017cowa, si\u0142ownia, rzutki, tenis, sto\u0142owy, bilard  Sala zabaw, k\u0105cik dla dzieci i plac zabaw na zewn\u0105trz  Stacje \u0142adowania samochod\u00f3w i rower\u00f3w elektrycznych","robots":{"index":"index","follow":"follow","max-snippet":"max-snippet:-1","max-image-preview":"max-image-preview:large","max-video-preview":"max-video-preview:-1"},"canonical":"https:\/\/www.k-triumf.cz\/pl\/","og_locale":"pl_PL","og_type":"article","og_title":"Resort K-Triumf, Velichovky - K-Triumf Hotel","og_description":"Modern\u00ed wellness hotel, kde si ka\u017ed\u00fd najde to sv\u00e9   49 pokoi w 5 kategoriach  Strefa wellness z dwoma jacuzzi i saun\u0105 parow\u0105  Sauna fi\u0144ska i masa\u017ce  Sezonowy basen zewn\u0119trzny  Zaplecze konferencyjne dla maks. 324 os\u00f3b  Restauracja oparta na lokalnych produktach i mi\u0119sie z w\u0142asnej hodowli  Widoki na zagrod\u0119 z dzik\u0105 zwierzyn\u0105  Aktywno\u015bci sportowe: tenis (korty wewn\u0119trzne i zewn\u0119trzne), squash, bowling, DiscGolf, kr\u0119gle, siatk\u00f3wka pla\u017cowa, si\u0142ownia, rzutki, tenis, sto\u0142owy, bilard  Sala zabaw, k\u0105cik dla dzieci i plac zabaw na zewn\u0105trz  Stacje \u0142adowania samochod\u00f3w i rower\u00f3w elektrycznych","og_url":"https:\/\/www.k-triumf.cz\/pl\/","og_site_name":"K-Triumf Hotel","article_modified_time":"2026-02-19T15:45:40+00:00","twitter_card":"summary_large_image","twitter_misc":{"Est. reading time":"1 minuta"},"schema":{"@context":"https:\/\/schema.org","@graph":[{"@type":"WebPage","@id":"https:\/\/www.k-triumf.cz\/pl\/","url":"https:\/\/www.k-triumf.cz\/pl\/","name":"Resort K-Triumf, Velichovky - K-Triumf Hotel","isPartOf":{"@id":"https:\/\/www.k-triumf.cz\/pl\/#website"},"datePublished":"2025-12-22T09:53:09+00:00","dateModified":"2026-02-19T15:45:40+00:00","description":"Modern\u00ed wellness hotel, kde si ka\u017ed\u00fd najde to sv\u00e9 \u2022 49 pokoi w 5 kategoriach \u2022 Strefa wellness z dwoma jacuzzi i saun\u0105 parow\u0105 \u2022 Sauna fi\u0144ska i masa\u017ce \u2022 Sezonowy basen zewn\u0119trzny \u2022 Zaplecze konferencyjne dla maks. 324 os\u00f3b \u2022 Restauracja oparta na lokalnych produktach i mi\u0119sie z w\u0142asnej hodowli \u2022 Widoki na zagrod\u0119 z dzik\u0105 zwierzyn\u0105 \u2022 Aktywno\u015bci sportowe: tenis (korty wewn\u0119trzne i zewn\u0119trzne), squash, bowling, DiscGolf, kr\u0119gle, siatk\u00f3wka pla\u017cowa, si\u0142ownia, rzutki, tenis, sto\u0142owy, bilard \u2022 Sala zabaw, k\u0105cik dla dzieci i plac zabaw na zewn\u0105trz \u2022 Stacje \u0142adowania samochod\u00f3w i rower\u00f3w elektrycznych","breadcrumb":{"@id":"https:\/\/www.k-triumf.cz\/pl\/#breadcrumb"},"inLanguage":"pl-PL","potentialAction":[{"@type":"ReadAction","target":["https:\/\/www.k-triumf.cz\/pl\/"]}]},{"@type":"BreadcrumbList","@id":"https:\/\/www.k-triumf.cz\/pl\/#breadcrumb","itemListElement":[{"@type":"ListItem","position":1,"name":"Strona g\u0142\u00f3wna","item":"https:\/\/www.k-triumf.cz\/pl\/"},{"@type":"ListItem","position":2,"name":"Resort K-Triumf, Velichovky"}]},{"@type":"WebSite","@id":"https:\/\/www.k-triumf.cz\/pl\/#website","url":"https:\/\/www.k-triumf.cz\/pl\/","name":"K-Triumf Hotel","description":"","potentialAction":[{"@type":"SearchAction","target":{"@type":"EntryPoint","urlTemplate":"https:\/\/www.k-triumf.cz\/pl\/?s={search_term_string}"},"query-input":{"@type":"PropertyValueSpecification","valueRequired":true,"valueName":"search_term_string"}}],"inLanguage":"pl-PL"}]}},"acf":[],"_links":{"self":[{"href":"https:\/\/www.k-triumf.cz\/pl\/wp-json\/wp\/v2\/pages\/492","targetHints":{"allow":["GET"]}}],"collection":[{"href":"https:\/\/www.k-triumf.cz\/pl\/wp-json\/wp\/v2\/pages"}],"about":[{"href":"https:\/\/www.k-triumf.cz\/pl\/wp-json\/wp\/v2\/types\/page"}],"author":[{"embeddable":true,"href":"https:\/\/www.k-triumf.cz\/pl\/wp-json\/wp\/v2\/users\/13"}],"replies":[{"embeddable":true,"href":"https:\/\/www.k-triumf.cz\/pl\/wp-json\/wp\/v2\/comments?post=492"}],"version-history":[{"count":0,"href":"https:\/\/www.k-triumf.cz\/pl\/wp-json\/wp\/v2\/pages\/492\/revisions"}],"wp:attachment":[{"href":"https:\/\/www.k-triumf.cz\/pl\/wp-json\/wp\/v2\/media?parent=492"}],"curies":[{"name":"wp","href":"https:\/\/api.w.org\/{rel}","templated":true}]}}