{"id":543,"date":"2025-12-23T09:21:48","date_gmt":"2025-12-23T09:21:48","guid":{"rendered":"https:\/\/k-triumf.ms3.decms.eu\/tipy-k-lokalite-a-vyletum\/"},"modified":"2026-03-30T13:38:04","modified_gmt":"2026-03-30T13:38:04","slug":"trip-tips","status":"publish","type":"page","link":"https:\/\/www.k-triumf.cz\/en\/trip-tips\/","title":{"rendered":"Trip Tips"},"content":{"rendered":"<p style=\"text-align: center\">K-Triumf resort is located in Velichovky, a peaceful area surrounded by nature near Hradec Kr\u00e1lov\u00e9. Its location offers an ideal combination of privacy, space, and easy accessibility \u2013 whether you are visiting for relaxation, a family holiday, or a business meeting.<\/p>\n<p style=\"text-align: center\">In the immediate surroundings, you will find beautiful countryside, fish pond, and wildlife park that enhances the unique atmosphere of the entire resort. At the same time, the resort is a great starting point for day trips \u2013 nearby attractions include Hospital Kuks including scupltures in nature created by famous Matthias Braun (Betlehem), Dv\u016fr Kr\u00e1lov\u00e9 Safari &amp; Zoo, fortress town of Josefov, and popular Babi\u010dka\u2019s Valley.<\/p>\n<p style=\"text-align: center\">The resort is easily accessible from larger cities such as Hradec Kr\u00e1lov\u00e9, N\u00e1chod, and Prague via the D11 motorway. Free parking is available directly at the hotel, allowing you to enjoy nature without any worries.<\/p>\n","protected":false},"excerpt":{"rendered":"<p>K-Triumf resort is located in Velichovky, a peaceful area surrounded by nature near Hradec Kr\u00e1lov\u00e9. Its location offers an ideal combination of privacy, space, and easy accessibility \u2013 whether you are visiting for relaxation, a family holiday, or a business meeting. In the immediate surroundings, you will find beautiful countryside, fish pond, and wildlife park [&hellip;]<\/p>\n","protected":false},"author":13,"featured_media":0,"parent":0,"menu_order":0,"comment_status":"closed","ping_status":"closed","template":"template-location.php","meta":{"footnotes":""},"class_list":["post-543","page","type-page","status-publish","hentry"],"yoast_head":"<!-- This site is optimized with the Yoast SEO plugin v26.9 - https:\/\/yoast.com\/product\/yoast-seo-wordpress\/ -->\n<title>Trip Tips - K-Triumf Hotel<\/title>\n<meta name=\"description\" content=\"K-Triumf resort is located in Velichovky, a peaceful area surrounded by nature near Hradec Kr\u00e1lov\u00e9. Its location offers an ideal combination of privacy, space, and easy accessibility \u2013 whether you are visiting for relaxation, a family holiday, or a business meeting. In the immediate surroundings, you will find beautiful countryside, fish pond, and wildlife park that enhances the unique atmosphere of the entire resort\" \/>\n<meta name=\"robots\" content=\"index, follow, max-snippet:-1, max-image-preview:large, max-video-preview:-1\" \/>\n<link rel=\"canonical\" href=\"https:\/\/www.k-triumf.cz\/en\/trip-tips\/\" \/>\n<meta property=\"og:locale\" content=\"en_US\" \/>\n<meta property=\"og:type\" content=\"article\" \/>\n<meta property=\"og:title\" content=\"Trip Tips - K-Triumf Hotel\" \/>\n<meta property=\"og:description\" content=\"K-Triumf resort is located in Velichovky, a peaceful area surrounded by nature near Hradec Kr\u00e1lov\u00e9. Its location offers an ideal combination of privacy, space, and easy accessibility \u2013 whether you are visiting for relaxation, a family holiday, or a business meeting. In the immediate surroundings, you will find beautiful countryside, fish pond, and wildlife park that enhances the unique atmosphere of the entire resort\" \/>\n<meta property=\"og:url\" content=\"https:\/\/www.k-triumf.cz\/en\/trip-tips\/\" \/>\n<meta property=\"og:site_name\" content=\"K-Triumf Hotel\" \/>\n<meta property=\"article:modified_time\" content=\"2026-03-30T13:38:04+00:00\" \/>\n<meta name=\"twitter:card\" content=\"summary_large_image\" \/>\n<meta name=\"twitter:label1\" content=\"Est. reading time\" \/>\n\t<meta name=\"twitter:data1\" content=\"1 minute\" \/>\n<script type=\"application\/ld+json\" class=\"yoast-schema-graph\">{\"@context\":\"https:\/\/schema.org\",\"@graph\":[{\"@type\":\"WebPage\",\"@id\":\"https:\/\/www.k-triumf.cz\/en\/trip-tips\/\",\"url\":\"https:\/\/www.k-triumf.cz\/en\/trip-tips\/\",\"name\":\"Trip Tips - K-Triumf Hotel\",\"isPartOf\":{\"@id\":\"https:\/\/www.k-triumf.cz\/en\/#website\"},\"datePublished\":\"2025-12-23T09:21:48+00:00\",\"dateModified\":\"2026-03-30T13:38:04+00:00\",\"description\":\"K-Triumf resort is located in Velichovky, a peaceful area surrounded by nature near Hradec Kr\u00e1lov\u00e9. Its location offers an ideal combination of privacy, space, and easy accessibility \u2013 whether you are visiting for relaxation, a family holiday, or a business meeting. In the immediate surroundings, you will find beautiful countryside, fish pond, and wildlife park that enhances the unique atmosphere of the entire resort\",\"breadcrumb\":{\"@id\":\"https:\/\/www.k-triumf.cz\/en\/trip-tips\/#breadcrumb\"},\"inLanguage\":\"en-US\",\"potentialAction\":[{\"@type\":\"ReadAction\",\"target\":[\"https:\/\/www.k-triumf.cz\/en\/trip-tips\/\"]}]},{\"@type\":\"BreadcrumbList\",\"@id\":\"https:\/\/www.k-triumf.cz\/en\/trip-tips\/#breadcrumb\",\"itemListElement\":[{\"@type\":\"ListItem\",\"position\":1,\"name\":\"Home\",\"item\":\"https:\/\/www.k-triumf.cz\/en\/\"},{\"@type\":\"ListItem\",\"position\":2,\"name\":\"Trip Tips\"}]},{\"@type\":\"WebSite\",\"@id\":\"https:\/\/www.k-triumf.cz\/en\/#website\",\"url\":\"https:\/\/www.k-triumf.cz\/en\/\",\"name\":\"K-Triumf Hotel\",\"description\":\"\",\"potentialAction\":[{\"@type\":\"SearchAction\",\"target\":{\"@type\":\"EntryPoint\",\"urlTemplate\":\"https:\/\/www.k-triumf.cz\/en\/?s={search_term_string}\"},\"query-input\":{\"@type\":\"PropertyValueSpecification\",\"valueRequired\":true,\"valueName\":\"search_term_string\"}}],\"inLanguage\":\"en-US\"}]}<\/script>\n<!-- \/ Yoast SEO plugin. -->","yoast_head_json":{"title":"Trip Tips - K-Triumf Hotel","description":"K-Triumf resort is located in Velichovky, a peaceful area surrounded by nature near Hradec Kr\u00e1lov\u00e9. Its location offers an ideal combination of privacy, space, and easy accessibility \u2013 whether you are visiting for relaxation, a family holiday, or a business meeting. In the immediate surroundings, you will find beautiful countryside, fish pond, and wildlife park that enhances the unique atmosphere of the entire resort","robots":{"index":"index","follow":"follow","max-snippet":"max-snippet:-1","max-image-preview":"max-image-preview:large","max-video-preview":"max-video-preview:-1"},"canonical":"https:\/\/www.k-triumf.cz\/en\/trip-tips\/","og_locale":"en_US","og_type":"article","og_title":"Trip Tips - K-Triumf Hotel","og_description":"K-Triumf resort is located in Velichovky, a peaceful area surrounded by nature near Hradec Kr\u00e1lov\u00e9. Its location offers an ideal combination of privacy, space, and easy accessibility \u2013 whether you are visiting for relaxation, a family holiday, or a business meeting. In the immediate surroundings, you will find beautiful countryside, fish pond, and wildlife park that enhances the unique atmosphere of the entire resort","og_url":"https:\/\/www.k-triumf.cz\/en\/trip-tips\/","og_site_name":"K-Triumf Hotel","article_modified_time":"2026-03-30T13:38:04+00:00","twitter_card":"summary_large_image","twitter_misc":{"Est. reading time":"1 minute"},"schema":{"@context":"https:\/\/schema.org","@graph":[{"@type":"WebPage","@id":"https:\/\/www.k-triumf.cz\/en\/trip-tips\/","url":"https:\/\/www.k-triumf.cz\/en\/trip-tips\/","name":"Trip Tips - K-Triumf Hotel","isPartOf":{"@id":"https:\/\/www.k-triumf.cz\/en\/#website"},"datePublished":"2025-12-23T09:21:48+00:00","dateModified":"2026-03-30T13:38:04+00:00","description":"K-Triumf resort is located in Velichovky, a peaceful area surrounded by nature near Hradec Kr\u00e1lov\u00e9. Its location offers an ideal combination of privacy, space, and easy accessibility \u2013 whether you are visiting for relaxation, a family holiday, or a business meeting. In the immediate surroundings, you will find beautiful countryside, fish pond, and wildlife park that enhances the unique atmosphere of the entire resort","breadcrumb":{"@id":"https:\/\/www.k-triumf.cz\/en\/trip-tips\/#breadcrumb"},"inLanguage":"en-US","potentialAction":[{"@type":"ReadAction","target":["https:\/\/www.k-triumf.cz\/en\/trip-tips\/"]}]},{"@type":"BreadcrumbList","@id":"https:\/\/www.k-triumf.cz\/en\/trip-tips\/#breadcrumb","itemListElement":[{"@type":"ListItem","position":1,"name":"Home","item":"https:\/\/www.k-triumf.cz\/en\/"},{"@type":"ListItem","position":2,"name":"Trip Tips"}]},{"@type":"WebSite","@id":"https:\/\/www.k-triumf.cz\/en\/#website","url":"https:\/\/www.k-triumf.cz\/en\/","name":"K-Triumf Hotel","description":"","potentialAction":[{"@type":"SearchAction","target":{"@type":"EntryPoint","urlTemplate":"https:\/\/www.k-triumf.cz\/en\/?s={search_term_string}"},"query-input":{"@type":"PropertyValueSpecification","valueRequired":true,"valueName":"search_term_string"}}],"inLanguage":"en-US"}]}},"acf":[],"_links":{"self":[{"href":"https:\/\/www.k-triumf.cz\/en\/wp-json\/wp\/v2\/pages\/543","targetHints":{"allow":["GET"]}}],"collection":[{"href":"https:\/\/www.k-triumf.cz\/en\/wp-json\/wp\/v2\/pages"}],"about":[{"href":"https:\/\/www.k-triumf.cz\/en\/wp-json\/wp\/v2\/types\/page"}],"author":[{"embeddable":true,"href":"https:\/\/www.k-triumf.cz\/en\/wp-json\/wp\/v2\/users\/13"}],"replies":[{"embeddable":true,"href":"https:\/\/www.k-triumf.cz\/en\/wp-json\/wp\/v2\/comments?post=543"}],"version-history":[{"count":0,"href":"https:\/\/www.k-triumf.cz\/en\/wp-json\/wp\/v2\/pages\/543\/revisions"}],"wp:attachment":[{"href":"https:\/\/www.k-triumf.cz\/en\/wp-json\/wp\/v2\/media?parent=543"}],"curies":[{"name":"wp","href":"https:\/\/api.w.org\/{rel}","templated":true}]}}